{"id":6733,"date":"2026-03-11T11:51:22","date_gmt":"2026-03-11T08:51:22","guid":{"rendered":"https:\/\/istanbulcerrahi.com\/new-management-vision-patient-experience\/"},"modified":"2026-03-11T11:51:22","modified_gmt":"2026-03-11T08:51:22","slug":"new-management-vision-patient-experience","status":"publish","type":"page","link":"https:\/\/istanbulcerrahi.com\/ro\/new-management-vision-patient-experience\/","title":{"rendered":"New Management Vision: Patient Experience"},"content":{"rendered":"\t\t<div data-elementor-type=\"wp-page\" data-elementor-id=\"6733\" class=\"elementor elementor-6733 elementor-6034\">\n\t\t\t\t<div class=\"elementor-element elementor-element-82d298c e-flex e-con-boxed e-con e-parent\" data-id=\"82d298c\" data-element_type=\"container\" data-e-type=\"container\">\n\t\t\t\t\t<div class=\"e-con-inner\">\n\t\t\t\t\t<\/div>\n\t\t\t\t<\/div>\n\t\t<div class=\"elementor-element elementor-element-9d7784f e-flex e-con-boxed e-con e-parent\" data-id=\"9d7784f\" data-element_type=\"container\" data-e-type=\"container\">\n\t\t\t\t\t<div class=\"e-con-inner\">\n\t\t\t\t<div class=\"elementor-element elementor-element-ffb83fd elementor-widget elementor-widget-image\" data-id=\"ffb83fd\" data-element_type=\"widget\" data-e-type=\"widget\" data-widget_type=\"image.default\">\n\t\t\t\t<div class=\"elementor-widget-container\">\n\t\t\t\t\t\t\t\t\t\t\t\t\t\t\t<img fetchpriority=\"high\" decoding=\"async\" width=\"1024\" height=\"508\" src=\"https:\/\/istanbulcerrahi.com\/wp-content\/uploads\/2026\/03\/ic_-1024x508.png\" class=\"attachment-large size-large wp-image-6734\" alt=\"\" srcset=\"https:\/\/istanbulcerrahi.com\/wp-content\/uploads\/2026\/03\/ic_-1024x508.png 1024w, https:\/\/istanbulcerrahi.com\/wp-content\/uploads\/2026\/03\/ic_-300x149.png 300w, https:\/\/istanbulcerrahi.com\/wp-content\/uploads\/2026\/03\/ic_-768x381.png 768w, https:\/\/istanbulcerrahi.com\/wp-content\/uploads\/2026\/03\/ic_-1536x762.png 1536w, https:\/\/istanbulcerrahi.com\/wp-content\/uploads\/2026\/03\/ic_.png 1920w\" sizes=\"(max-width: 1024px) 100vw, 1024px\" title=\"\">\t\t\t\t\t\t\t\t\t\t\t\t\t\t\t<\/div>\n\t\t\t\t<\/div>\n\t\t\t\t\t<\/div>\n\t\t\t\t<\/div>\n\t\t<div class=\"elementor-element elementor-element-84bea71 e-flex e-con-boxed e-con e-parent\" data-id=\"84bea71\" data-element_type=\"container\" data-e-type=\"container\">\n\t\t\t\t\t<div class=\"e-con-inner\">\n\t\t\t\t<div class=\"elementor-element elementor-element-9f67d4d elementor-widget elementor-widget-text-editor\" data-id=\"9f67d4d\" data-element_type=\"widget\" data-e-type=\"widget\" id=\"post-detail\" data-widget_type=\"text-editor.default\">\n\t\t\t\t<div class=\"elementor-widget-container\">\n\t\t\t\t\t\t\t\t\t<p><strong>A<\/strong><strong> New Era Begins at <\/strong><strong>I<\/strong><strong>stanbul Surgical Hospital<\/strong><\/p><p>Istanbul Surgical Hospital is stepping into a new era that redefines quality in healthcare services and the patient experience.<\/p><p>Our new management approach is built on a structure that meets the requirements of modern healthcare services, places patient satisfaction at the center, and supports physicians in delivering care under the best possible conditions.<\/p><p>As part of this transformation process;<\/p><ol><li>The institutional vision of our hospital has been renewed,<\/li><li>Patient rooms and service areas have been modernized,<\/li><li>Processes prioritizing the patient experience have been redesigned,<\/li><li>A faster, more comfortable, and more personalized healthcare service model has been created for national and international patients.<\/li><\/ol><p>Our goal is not only to provide treatment, but also to deliver a healthcare experience in which our patients feel safe, valued, and special.<\/p><p>Located in the heart of the Fulya \u2013 Ni\u015fanta\u015f\u0131 area, Istanbul Surgical Hospital continues its journey in this new era with a boutique, premium, and patient-centered healthcare service approach.<\/p><p>With our expert physician staff, renewed infrastructure, and strong healthcare vision, we are working to provide you with better service.<\/p><p><strong>I<\/strong><strong>stanbul Surgical Hospital<\/strong><\/p><p><strong>New Management <\/strong><strong>\u2022<\/strong><strong> New Vision <\/strong><strong>\u2022<\/strong><strong> New Patient Experience<\/strong><\/p>\t\t\t\t\t\t\t\t<\/div>\n\t\t\t\t<\/div>\n\t\t\t\t\t<\/div>\n\t\t\t\t<\/div>\n\t\t\t\t<\/div>\n\t\t","protected":false},"excerpt":{"rendered":"<p>A New Era Begins at Istanbul Surgical Hospital Istanbul Surgical Hospital is stepping into a new era that redefines quality in healthcare services and the patient experience. Our new management approach is built on a structure that meets the requirements of modern healthcare services, places patient satisfaction at the center, and supports physicians in delivering [&hellip;]<\/p>\n","protected":false},"author":1,"featured_media":0,"parent":0,"menu_order":0,"comment_status":"closed","ping_status":"closed","template":"","meta":{"_crdt_document":"","footnotes":""},"class_list":["post-6733","page","type-page","status-publish","hentry"],"_links":{"self":[{"href":"https:\/\/istanbulcerrahi.com\/ro\/wp-json\/wp\/v2\/pages\/6733","targetHints":{"allow":["GET"]}}],"collection":[{"href":"https:\/\/istanbulcerrahi.com\/ro\/wp-json\/wp\/v2\/pages"}],"about":[{"href":"https:\/\/istanbulcerrahi.com\/ro\/wp-json\/wp\/v2\/types\/page"}],"author":[{"embeddable":true,"href":"https:\/\/istanbulcerrahi.com\/ro\/wp-json\/wp\/v2\/users\/1"}],"replies":[{"embeddable":true,"href":"https:\/\/istanbulcerrahi.com\/ro\/wp-json\/wp\/v2\/comments?post=6733"}],"version-history":[{"count":1,"href":"https:\/\/istanbulcerrahi.com\/ro\/wp-json\/wp\/v2\/pages\/6733\/revisions"}],"predecessor-version":[{"id":7285,"href":"https:\/\/istanbulcerrahi.com\/ro\/wp-json\/wp\/v2\/pages\/6733\/revisions\/7285"}],"wp:attachment":[{"href":"https:\/\/istanbulcerrahi.com\/ro\/wp-json\/wp\/v2\/media?parent=6733"}],"curies":[{"name":"wp","href":"https:\/\/api.w.org\/{rel}","templated":true}]}}