{"id":6686,"date":"2026-03-11T13:53:39","date_gmt":"2026-03-11T10:53:39","guid":{"rendered":"https:\/\/istanbulcerrahi.com\/online-randevu\/"},"modified":"2026-03-16T10:34:20","modified_gmt":"2026-03-16T07:34:20","slug":"programare-online","status":"publish","type":"page","link":"https:\/\/istanbulcerrahi.com\/ro\/programare-online\/","title":{"rendered":"Programare online"},"content":{"rendered":"\t\t<div data-elementor-type=\"wp-page\" data-elementor-id=\"6686\" class=\"elementor elementor-6686 elementor-6075\">\n\t\t\t\t<div class=\"elementor-element elementor-element-1b79cab e-flex e-con-boxed e-con e-parent\" data-id=\"1b79cab\" data-element_type=\"container\" data-e-type=\"container\" data-settings=\"{&quot;background_background&quot;:&quot;classic&quot;}\">\n\t\t\t\t\t<div class=\"e-con-inner\">\n\t\t\t\t<div class=\"elementor-element elementor-element-56e377a elementor-widget elementor-widget-heading\" data-id=\"56e377a\" data-element_type=\"widget\" data-e-type=\"widget\" data-widget_type=\"heading.default\">\n\t\t\t\t<div class=\"elementor-widget-container\">\n\t\t\t\t\t<h2 class=\"elementor-heading-title elementor-size-default\">Formular de programare online<\/h2>\t\t\t\t<\/div>\n\t\t\t\t<\/div>\n\t\t\t\t\t<\/div>\n\t\t\t\t<\/div>\n\t\t<div class=\"elementor-element elementor-element-1abed09 e-flex e-con-boxed e-con e-parent\" data-id=\"1abed09\" data-element_type=\"container\" data-e-type=\"container\">\n\t\t\t\t\t<div class=\"e-con-inner\">\n\t\t\t\t<div class=\"elementor-element elementor-element-e403d32 elementor-widget elementor-widget-online-randevu-formu\" data-id=\"e403d32\" data-element_type=\"widget\" data-e-type=\"widget\" data-widget_type=\"online-randevu-formu.default\">\n\t\t\t\t<div class=\"elementor-widget-container\">\n\t\t\t\t\t        <div id=\"resources-form-container\" class=\"crabs-appointment-wrapper\">\n            <form class=\"resources_form online-appointment-ajax\" enctype=\"multipart\/form-data\">\n                <input type=\"hidden\" name=\"action\" value=\"crabs_appointment_handler\">\n                \n                <div class=\"row\">\n                    <div class=\"input-area col-lg-6 mb-3\">\n                        <input type=\"text\" class=\"form-control\" name=\"name\" placeholder=\"Numele \u0219i prenumele dumneavoastr\u0103\" required>\n                    <\/div>\n\n                    <div class=\"input-area col-lg-6 mb-3\">\n                        <input type=\"tel\" class=\"form-control\" name=\"phone\" placeholder=\"Num\u0103rul dumneavoastr\u0103 de telefon\" required>\n                    <\/div>\n\n                    <div class=\"input-area col-lg-6 mb-3\">\n                        <input type=\"email\" class=\"form-control\" name=\"email\" placeholder=\"Adresa dvs. de e-mail\" required>\n                    <\/div>\n\n                    <div class=\"input-area col-lg-6 mb-3\">\n                        <select name=\"branch\" class=\"form-select\" required>\n                            <option value=\"\" disabled selected>V\u0103 rug\u0103m s\u0103 selecta\u021bi o sucursal\u0103.<\/option>\n                            <option value=\"Plastik Cerrahi\">Plastik Cerrahi<\/option>\n                            <option value=\"Genel Cerrahi\">Genel Cerrahi<\/option>\n                            <option value=\"Dahiliye\">Dahiliye<\/option>\n                            <option value=\"\u00dcroloji\">\u00dcroloji<\/option>\n                            <option value=\"Beyin ve Sinir Cerrahisi\">Beyin ve Sinir Cerrahisi<\/option>\n                            <option value=\"Di\u011fer\">Di\u011fer<\/option>\n                        <\/select>\n                    <\/div>\n\n                    <div class=\"input-area col-lg-6 mb-3\">\n                        <select name=\"location\" class=\"form-select\" required>\n                            <option value=\"T\u00fcrkiye\">T\u00fcrkiye<\/option>\n                            <option value=\"Yurtd\u0131\u015f\u0131\">Yurtd\u0131\u015f\u0131<\/option>\n                        <\/select>\n                    <\/div>\n\n                    <div class=\"input-area col-lg-6 mb-3\">\n                        <input type=\"date\" class=\"form-control\" name=\"date\" required>\n                    <\/div>\n                    <div class=\"input-area col-lg-6 mb-3\">\n                        <input type=\"time\" class=\"form-control\" name=\"time\" required>\n                    <\/div>\n\n                    <div class=\"input-area col-lg-6 mb-3\">\n                        <div class=\"custom-file-upload\">\n                            <input type=\"file\" name=\"files[]\" id=\"appointment-files\" multiple accept=\"image\/*,application\/pdf\" hidden>\n                            <label for=\"appointment-files\" class=\"btn btn-outline-secondary w-100\">\n                                <i class=\"fas fa-paperclip\"><\/i> <span id=\"buttonText\">\u00cenc\u0103rca\u021bi raportul\/fotografie<\/span>\n                            <\/label>\n                        <\/div>\n                    <\/div>\n\n                    <div class=\"input-area col-lg-12 mb-3\">\n                        <textarea class=\"form-control\" name=\"message\" rows=\"3\" placeholder=\"V\u0103 rug\u0103m s\u0103 descrie\u021bi pe scurt reclama\u021bia dumneavoastr\u0103...\"><\/textarea>\n                    <\/div>\n\n                    <div class=\"input-area col-lg-12 mb-3\">\n                        <div class=\"form-check\">\n                            <input class=\"form-check-input\" type=\"checkbox\" name=\"kvkk\" id=\"kvkk-check\" required>\n                            <label class=\"form-check-label small\" for=\"kvkk-check\">\n                                Sunt de acord cu prelucrarea datelor mele personale.                            <\/label>\n                        <\/div>\n                    <\/div>\n\n                    <div class=\"col-lg-12 d-grid gap-2\">\n                        <button type=\"submit\" class=\"btn btn-primary py-3 fw-bold form-button\">\n                            <span>TRIMITE\u021aI CERERE DE PROGRAMARE<\/span>\n                        <\/button>\n                        <a href=\"https:\/\/wa.me\/905316507657\" target=\"_blank\" class=\"btn btn-success py-2\" rel=\"noopener\">\n                            <i class=\"fab fa-whatsapp\"><\/i> Programeaz\u0103 o \u00eent\u00e2lnire prin WhatsApp                        <\/a>\n                    <\/div>\n                <\/div>\n                <div id=\"sidebar-success\" class=\"resources-success success\" style=\"display:none;\">\n                    <p class=\"mt-3\"><\/p>\n                <\/div>\n                <div id=\"sidebar-unsuccessful\" class=\"resources-unsuccess unsuccessful\" style=\"display:none;\">\n                    <p class=\"mt-3\"><\/p>\n                <\/div>\n                <div class=\"form-result mt-3\"><\/div>\n            <\/form>\n        <\/div>\n        \t\t\t\t<\/div>\n\t\t\t\t<\/div>\n\t\t\t\t\t<\/div>\n\t\t\t\t<\/div>\n\t\t\t\t<\/div>\n\t\t","protected":false},"excerpt":{"rendered":"<p>Formular de programare online Bran\u015f Se\u00e7inizPlastik CerrahiGenel CerrahiDahiliye\u00dcrolojiBeyin ve Sinir CerrahisiDi\u011fer T\u00fcrkiyeYurtd\u0131\u015f\u0131 Rapor \/ Foto\u011fraf Y\u00fckle Ki\u015fisel verilerimin i\u015flenmesini kabul ediyorum. RANDEVU TALEB\u0130 G\u00d6NDER WhatsApp ile Randevu Al<\/p>\n","protected":false},"author":1,"featured_media":0,"parent":0,"menu_order":0,"comment_status":"closed","ping_status":"closed","template":"","meta":{"_crdt_document":"","footnotes":""},"class_list":["post-6686","page","type-page","status-publish","hentry"],"_links":{"self":[{"href":"https:\/\/istanbulcerrahi.com\/ro\/wp-json\/wp\/v2\/pages\/6686","targetHints":{"allow":["GET"]}}],"collection":[{"href":"https:\/\/istanbulcerrahi.com\/ro\/wp-json\/wp\/v2\/pages"}],"about":[{"href":"https:\/\/istanbulcerrahi.com\/ro\/wp-json\/wp\/v2\/types\/page"}],"author":[{"embeddable":true,"href":"https:\/\/istanbulcerrahi.com\/ro\/wp-json\/wp\/v2\/users\/1"}],"replies":[{"embeddable":true,"href":"https:\/\/istanbulcerrahi.com\/ro\/wp-json\/wp\/v2\/comments?post=6686"}],"version-history":[{"count":5,"href":"https:\/\/istanbulcerrahi.com\/ro\/wp-json\/wp\/v2\/pages\/6686\/revisions"}],"predecessor-version":[{"id":7297,"href":"https:\/\/istanbulcerrahi.com\/ro\/wp-json\/wp\/v2\/pages\/6686\/revisions\/7297"}],"wp:attachment":[{"href":"https:\/\/istanbulcerrahi.com\/ro\/wp-json\/wp\/v2\/media?parent=6686"}],"curies":[{"name":"wp","href":"https:\/\/api.w.org\/{rel}","templated":true}]}}