{"id":6666,"date":"2023-11-07T15:22:03","date_gmt":"2023-11-07T12:22:03","guid":{"rendered":"https:\/\/istanbulcerrahi.com\/iletisim\/"},"modified":"2026-03-13T17:32:39","modified_gmt":"2026-03-13T14:32:39","slug":"comunicare","status":"publish","type":"page","link":"https:\/\/istanbulcerrahi.com\/ro\/comunicare\/","title":{"rendered":"Comunicare"},"content":{"rendered":"\t\t<div data-elementor-type=\"wp-page\" data-elementor-id=\"6666\" class=\"elementor elementor-6666 elementor-39\">\n\t\t\t\t<div class=\"elementor-element elementor-element-0eb18e8 e-con-full e-flex e-con e-parent\" data-id=\"0eb18e8\" data-element_type=\"container\" data-e-type=\"container\">\n\t\t\t\t<div class=\"elementor-element elementor-element-d105586 elementor-widget elementor-widget-sub-main\" data-id=\"d105586\" data-element_type=\"widget\" data-e-type=\"widget\" data-widget_type=\"sub-main.default\">\n\t\t\t\t<div class=\"elementor-widget-container\">\n\t\t\t\t\t\n        <section class=\"sub-main\">\n            <div class=\"container h-100\">\n                <div class=\"row align-items-end h-100\">\n                    <div class=\"col-12\">\n                        <h1>\n                            Comunicare                        <\/h1>\n                        <ul id=\"breadcrumbs\" class=\"breadcrumbs\"><li class=\"item-home\"><a class=\"bread-link bread-home\" href=\"https:\/\/istanbulcerrahi.com\/ro\/\" title=\"\u0130stanbul Cerrahi Hastanesi\"><svg width=\"18\" height=\"18\" xmlns=\"http:\/\/www.w3.org\/2000\/svg\" fill=\"none\"><path d=\"M6.5 13.167H11.5M1.5 11.167V9.108C1.5 8.151 1.5 7.672 1.623 7.232C1.733 6.841 1.912 6.474 2.153 6.148C2.426 5.78 2.803 5.486 3.559 4.899L5.726 3.213C6.897 2.302 7.482 1.847 8.129 1.672C8.699 1.518 9.301 1.518 9.871 1.672C10.518 1.847 11.103 2.302 12.274 3.213L14.441 4.899C15.197 5.486 15.574 5.78 15.847 6.148C16.088 6.474 16.267 6.841 16.377 7.232C16.5 7.672 16.5 8.151 16.5 9.108V11.167C16.5 13.033 16.5 13.967 16.137 14.68C15.817 15.307 15.307 15.817 14.68 16.137C13.967 16.5 13.033 16.5 11.167 16.5H6.833C4.966 16.5 4.033 16.5 3.32 16.137C2.693 15.817 2.183 15.307 1.863 14.68C1.5 13.967 1.5 13.033 1.5 11.167Z\" stroke=\"white\" stroke-width=\"1.4\" stroke-linecap=\"round\" stroke-linejoin=\"round\"\/><\/svg><\/a><\/li><\/ul>                    <\/div>\n                <\/div>\n            <\/div>\n        <\/section>\n        \t\t\t\t<\/div>\n\t\t\t\t<\/div>\n\t\t\t\t<\/div>\n\t\t<div class=\"elementor-element elementor-element-505649e e-con-full e-flex e-con e-parent\" data-id=\"505649e\" data-element_type=\"container\" data-e-type=\"container\">\n\t\t\t\t<div class=\"elementor-element elementor-element-838ba63 elementor-widget elementor-widget-main-iletisim\" data-id=\"838ba63\" data-element_type=\"widget\" data-e-type=\"widget\" data-widget_type=\"main-iletisim.default\">\n\t\t\t\t<div class=\"elementor-widget-container\">\n\t\t\t\t\t\n        <section class=\"contact\">\n            <div class=\"container\">\n                <div class=\"row\">\n                                            <div class=\"col-12 col-md-6 col-lg-4\">\n                            <div class=\"contact-box\">\n                                <div class=\"contact-box-image\">\n                                    <img decoding=\"async\" src=\"https:\/\/istanbulcerrahi.com\/wp-content\/uploads\/2023\/11\/contact-phone.svg\" alt=\"phone\" title=\"\">\n                                <\/div>\n                                <div class=\"contact-box-content\">\n                                    <h4>Telefon<\/h4>\n                                    <p>Pute\u021bi contacta Centrul nostru de Apel 24\/7 pentru a programa o \u00eent\u00e2lnire sau pentru a ob\u021bine informa\u021bii detaliate.<\/p>\n\n                                                                            <a href=\"tel:0212%20296%2094%2050\"\n                                           target=\"_self\"\n                                           rel=\"\"\n                                           class=\"first-number\">\n                                            0212 296 94 50                                        <\/a>\n                                    \n                                    \n                                                                    <\/div>\n                            <\/div>\n                        <\/div>\n                                            <div class=\"col-12 col-md-6 col-lg-4\">\n                            <div class=\"contact-box\">\n                                <div class=\"contact-box-image\">\n                                    <img decoding=\"async\" src=\"https:\/\/istanbulcerrahi.com\/wp-content\/uploads\/2023\/11\/location.svg\" alt=\"konum\" title=\"\">\n                                <\/div>\n                                <div class=\"contact-box-content\">\n                                    <h4>Adresa<\/h4>\n                                    <p>Fulya, Ferah Soka\u011f\u0131 no: 22, 34365 \u015ei\u015fli\/\u0130stanbul<\/p>\n\n                                    \n                                    \n                                                                            <span class=\"map-button\">Haritay\u0131 G\u00f6r<\/span>\n                                                                    <\/div>\n                            <\/div>\n                        <\/div>\n                                            <div class=\"col-12 col-md-6 col-lg-4\">\n                            <div class=\"contact-box\">\n                                <div class=\"contact-box-image\">\n                                    <img decoding=\"async\" src=\"https:\/\/istanbulcerrahi.com\/wp-content\/uploads\/2023\/11\/whatsapp.svg\" alt=\"\" title=\"\">\n                                <\/div>\n                                <div class=\"contact-box-content\">\n                                    <h4>Linia WhatsApp<\/h4>\n                                    <p>Pute\u021bi contacta Centrul nostru de Apel 24\/7 pentru a programa o \u00eent\u00e2lnire sau pentru a ob\u021bine informa\u021bii detaliate.<\/p>\n\n                                                                            <a href=\"http:\/\/wa.me\/905316507657\" target=\"_self\" rel=\"noopener\" class=\"first-number\">\n                                            +90 531 650 76 57                                        <\/a>\n                                    \n                                    \n                                                                    <\/div>\n                            <\/div>\n                        <\/div>\n                                    <\/div>\n            <\/div>\n        <\/section>\n\n        <section class=\"map\">\n            <div class=\"container-fluid\">\n                <p><iframe src=\"https:\/\/www.google.com\/maps\/embed?pb=!1m14!1m8!1m3!1d6017.228782700994!2d28.997954!3d41.055561!3m2!1i1024!2i768!4f13.1!3m3!1m2!1s0x14cab7292ce8f4d7%3A0xb9ce2d0302f11670!2s%C4%B0stanbul%20Cerrahi%20Hastanesi!5e0!3m2!1str!2str!4v1762208349079!5m2!1str!2str\" width=\"600\" height=\"450\" style=\"border:0;\" allowfullscreen=\"\" loading=\"lazy\" referrerpolicy=\"no-referrer-when-downgrade\"><\/iframe><\/p>            <\/div>\n        <\/section>\n        \t\t\t\t<\/div>\n\t\t\t\t<\/div>\n\t\t\t\t<\/div>\n\t\t<div class=\"elementor-element elementor-element-1822a46 e-con-full e-flex e-con e-parent\" data-id=\"1822a46\" data-element_type=\"container\" data-e-type=\"container\">\n\t\t\t\t<div class=\"elementor-element elementor-element-34c0099 elementor-widget elementor-widget-main-iletisim-form\" data-id=\"34c0099\" data-element_type=\"widget\" data-e-type=\"widget\" data-widget_type=\"main-iletisim-form.default\">\n\t\t\t\t<div class=\"elementor-widget-container\">\n\t\t\t\t\t\n        <div class=\"contact-form\">\n            <div class=\"container\">\n                <div class=\"row\">\n                    <div class=\"col-12 col-md-4\">\n                        <h2>Formular de contact<\/h2><p>Opiniile \u0219i sugestiile dumneavoastr\u0103 sunt valoroase pentru noi.<\/p><p>\u00a0<\/p><p>Pute\u021bi \u00eemp\u0103rt\u0103\u0219i orice feedback cu privire la spitalul nostru complet\u00e2nd formularul de mai sus.<\/p><p>\u00a0<\/p><p>Departamentele noastre relevante v\u0103 vor r\u0103spunde c\u00e2t mai cur\u00e2nd posibil.<\/p>                    <\/div>\n                    <div class=\"col-md-1\"><\/div>\n                    <div class=\"col-12 col-md-7\">\n                        <form action=\"\" id=\"iletisim-form\" method=\"post\" enctype=\"multipart\/form-data\">\n    <input type=\"hidden\" class=\"urlInput\" name=\"urlInput\" id=\"urlInput\" value=\"\">\n    <input type=\"hidden\" name=\"type\" value=\"iletisim-form\">\n    <div class=\"row\">\n      <div class=\"col-12 col-md-6\">\n        <label for=\"name\">Nume \u0219i prenume<\/label>\n        <input type=\"text\" id=\"name\" name=\"name\">\n      <\/div>\n      <div class=\"col-12 col-md-6\">\n        <label for=\"email\">Email<\/label>\n        <input type=\"email\" id=\"email\" name=\"email\">\n      <\/div>\n      <div class=\"col-12 col-md-6\">\n        <label for=\"phone\">Telefon<\/label>\n        <input type=\"number\" id=\"phone\" name=\"phone\" placeholder=\"xxx.xxx.xxx-xx\">\n      <\/div>\n      <div class=\"col-12 col-md-6\">\n        <label for=\"konu\">Subiect<\/label>\n        <select name=\"konu\" id=\"konu\">\n          <option value=\"Randevu Talebi\">Cerere de programare<\/option>\n          <option value=\"Bilgi Talebi\">Bilgi Talebi<\/option>\n          <option value=\"\u015eikayet\">\u015eikayet<\/option>\n          <option value=\"\u0130\u015f Ba\u015fvurusu\">\u0130\u015f Ba\u015fvurusu<\/option>\n        <\/select>\n      <\/div>\n      <div class=\"col-12\">\n        <label for=\"message\">Mesajul dvs<\/label>\n        <textarea name=\"message\" id=\"message\" cols=\"30\" rows=\"10\"><\/textarea>\n      <\/div>\n      <div class=\"col-12\">\n        <div class=\"kvkk-container\">\n          <input type=\"checkbox\" id=\"checkbox\" name=\"checkbox\" checked>\n          <p> Am citit informa\u021biile referitoare la Legea nr. 6698 privind protec\u021bia datelor cu caracter personal. Sunt de acord cu utilizarea datelor mele cu caracter personal \u00een limitele specificate \u0219i cu a fi contactat pentru furnizarea de servicii medicale. <\/p>\n          <button class=\"red-button form-button iletisim-form\" type=\"submit\">Trimite<\/button>\n        <\/div>\n      <\/div>\n    <\/div>\n  <\/form>                    <\/div>\n                <\/div>\n            <\/div>\n        <\/div>\n        \t\t\t\t<\/div>\n\t\t\t\t<\/div>\n\t\t\t\t<\/div>\n\t\t\t\t<\/div>\n\t\t","protected":false},"excerpt":{"rendered":"<p>Comunicare Telefon Pute\u021bi contacta Centrul nostru de Apel 24\/7 pentru a programa o \u00eent\u00e2lnire sau pentru a ob\u021bine informa\u021bii detaliate. 0212 296 94 50 Adresa Fulya, Ferah Soka\u011f\u0131 no: 22, 34365 \u015ei\u015fli\/\u0130stanbul Haritay\u0131 G\u00f6r Linia WhatsApp Pute\u021bi contacta Centrul nostru de Apel 24\/7 pentru a programa o \u00eent\u00e2lnire sau pentru a ob\u021bine informa\u021bii detaliate. +90 [&hellip;]<\/p>\n","protected":false},"author":1,"featured_media":0,"parent":0,"menu_order":0,"comment_status":"closed","ping_status":"closed","template":"","meta":{"_crdt_document":"","footnotes":""},"class_list":["post-6666","page","type-page","status-publish","hentry"],"_links":{"self":[{"href":"https:\/\/istanbulcerrahi.com\/ro\/wp-json\/wp\/v2\/pages\/6666","targetHints":{"allow":["GET"]}}],"collection":[{"href":"https:\/\/istanbulcerrahi.com\/ro\/wp-json\/wp\/v2\/pages"}],"about":[{"href":"https:\/\/istanbulcerrahi.com\/ro\/wp-json\/wp\/v2\/types\/page"}],"author":[{"embeddable":true,"href":"https:\/\/istanbulcerrahi.com\/ro\/wp-json\/wp\/v2\/users\/1"}],"replies":[{"embeddable":true,"href":"https:\/\/istanbulcerrahi.com\/ro\/wp-json\/wp\/v2\/comments?post=6666"}],"version-history":[{"count":5,"href":"https:\/\/istanbulcerrahi.com\/ro\/wp-json\/wp\/v2\/pages\/6666\/revisions"}],"predecessor-version":[{"id":6974,"href":"https:\/\/istanbulcerrahi.com\/ro\/wp-json\/wp\/v2\/pages\/6666\/revisions\/6974"}],"wp:attachment":[{"href":"https:\/\/istanbulcerrahi.com\/ro\/wp-json\/wp\/v2\/media?parent=6666"}],"curies":[{"name":"wp","href":"https:\/\/api.w.org\/{rel}","templated":true}]}}