{"id":6623,"date":"2023-11-22T11:58:03","date_gmt":"2023-11-22T08:58:03","guid":{"rendered":"https:\/\/istanbulcerrahi.com\/kurumsal\/cerez-politikasi\/"},"modified":"2026-03-16T10:28:30","modified_gmt":"2026-03-16T07:28:30","slug":"politica-de-cookie-uri","status":"publish","type":"page","link":"https:\/\/istanbulcerrahi.com\/ro\/institutional\/politica-de-cookie-uri\/","title":{"rendered":"Politica de cookie-uri"},"content":{"rendered":"\t\t<div data-elementor-type=\"wp-page\" data-elementor-id=\"6623\" class=\"elementor elementor-6623 elementor-538\">\n\t\t\t\t<div class=\"elementor-element elementor-element-fa62b5b e-con-full e-flex e-con e-parent\" data-id=\"fa62b5b\" data-element_type=\"container\" data-e-type=\"container\">\n\t\t\t\t<div class=\"elementor-element elementor-element-621c2cf elementor-widget elementor-widget-sub-main\" data-id=\"621c2cf\" data-element_type=\"widget\" data-e-type=\"widget\" data-widget_type=\"sub-main.default\">\n\t\t\t\t<div class=\"elementor-widget-container\">\n\t\t\t\t\t\n        <section class=\"sub-main\">\n            <div class=\"container h-100\">\n                <div class=\"row align-items-end h-100\">\n                    <div class=\"col-12\">\n                        <h1>\n                            Politica de cookie-uri                        <\/h1>\n                        <ul id=\"breadcrumbs\" class=\"breadcrumbs\"><li class=\"item-home\"><a class=\"bread-link bread-home\" href=\"https:\/\/istanbulcerrahi.com\/ro\/\" title=\"\u0130stanbul Cerrahi Hastanesi\"><svg width=\"18\" height=\"18\" xmlns=\"http:\/\/www.w3.org\/2000\/svg\" fill=\"none\"><path d=\"M6.5 13.167H11.5M1.5 11.167V9.108C1.5 8.151 1.5 7.672 1.623 7.232C1.733 6.841 1.912 6.474 2.153 6.148C2.426 5.78 2.803 5.486 3.559 4.899L5.726 3.213C6.897 2.302 7.482 1.847 8.129 1.672C8.699 1.518 9.301 1.518 9.871 1.672C10.518 1.847 11.103 2.302 12.274 3.213L14.441 4.899C15.197 5.486 15.574 5.78 15.847 6.148C16.088 6.474 16.267 6.841 16.377 7.232C16.5 7.672 16.5 8.151 16.5 9.108V11.167C16.5 13.033 16.5 13.967 16.137 14.68C15.817 15.307 15.307 15.817 14.68 16.137C13.967 16.5 13.033 16.5 11.167 16.5H6.833C4.966 16.5 4.033 16.5 3.32 16.137C2.693 15.817 2.183 15.307 1.863 14.68C1.5 13.967 1.5 13.033 1.5 11.167Z\" stroke=\"white\" stroke-width=\"1.4\" stroke-linecap=\"round\" stroke-linejoin=\"round\"\/><\/svg><\/a><\/li><\/ul>                    <\/div>\n                <\/div>\n            <\/div>\n        <\/section>\n        \t\t\t\t<\/div>\n\t\t\t\t<\/div>\n\t\t\t\t<\/div>\n\t\t<div class=\"elementor-element elementor-element-a373c0c e-con-full e-flex e-con e-parent\" data-id=\"a373c0c\" data-element_type=\"container\" data-e-type=\"container\">\n\t\t\t\t<div class=\"elementor-element elementor-element-70cb26c elementor-widget elementor-widget-kurumsal-kvkk\" data-id=\"70cb26c\" data-element_type=\"widget\" data-e-type=\"widget\" data-widget_type=\"kurumsal-kvkk.default\">\n\t\t\t\t<div class=\"elementor-widget-container\">\n\t\t\t\t\t\n        <section class=\"kurumsal\">\n            <div class=\"container\">\n                <div class=\"row\">\n                    <div class=\"col-12 col-md-3\">\n                        <ul>\n                            <h2>Spitalul Chirurgical din Istanbul<\/h2>\n                                                            <li>\n                                                                            <a href=\"https:\/\/istanbulcerrahi.com\/ro\/institutional\/\">\n                                            Institu\u0163ional                                        <\/a>\n                                                                    <\/li>\n                                                            <li>\n                                                                            <a href=\"https:\/\/istanbulcerrahi.com\/ro\/institutional\/misiune-de-viziune\/\">\n                                            Misiune de viziune                                        <\/a>\n                                                                    <\/li>\n                                                            <li>\n                                                                            <a href=\"https:\/\/istanbulcerrahi.com\/ro\/institutional\/legea-kvkk\/\">\n                                            Legea Kvkk                                        <\/a>\n                                                                    <\/li>\n                                                            <li>\n                                                                            <a href=\"https:\/\/istanbulcerrahi.com\/ro\/institutional\/unitatea-de-management-al-calitatii\/\">\n                                            Unitatea de Management al Calitatii                                        <\/a>\n                                                                    <\/li>\n                                                            <li>\n                                                                            <a href=\"https:\/\/istanbulcerrahi.com\/ro\/institutional\/politica-de-cookie-uri\/\">\n                                            Politica de cookie-uri                                        <\/a>\n                                                                    <\/li>\n                                                    <\/ul>\n                    <\/div>\n                    <div class=\"col-12 col-md-9\">\n                        <div class=\"kurumsal-main\">\n                            <h2>Ce sunt cookie-urile?<\/h2><p>Cookie-urile sunt fi\u0219iere text mici utilizate pentru a \u00eembun\u0103t\u0103\u021bi, accelera \u0219i securiza experien\u021ba de navigare pe internet. Atunci c\u00e2nd vizita\u021bi un site web, aceste fi\u0219iere sunt salvate pe dispozitivul dumneavoastr\u0103 prin intermediul browserului \u0219i permit recunoa\u0219terea utilizatorului, precum \u0219i furnizarea de con\u021binut personalizat atunci c\u00e2nd reveni\u021bi pe un site vizitat anterior. Cookie-urile pot \u00eendeplini \u0219i func\u021bii precum re\u021binerea preferin\u021belor utilizatorului, men\u021binerea sesiunii, colectarea de date statistice \u0219i direc\u021bionarea reclamelor personalizate.<\/p><h2>De ce sunt utilizate cookie-urile?<\/h2><p>Cookie-urile sunt fi\u0219iere text mici salvate pe computerul sau dispozitivul dumneavoastr\u0103 mobil prin intermediul browserelor de internet. Cookie-urile sunt instrumente importante care permit site-urilor web \u0219i aplica\u021biilor s\u0103 interac\u021bioneze cu utilizatorii \u0219i servesc diferitelor scopuri.<\/p><p>Iat\u0103 principalele motive pentru utilizarea cookie-urilor:<\/p><ul><li><strong>\u00cembun\u0103t\u0103\u021birea experien\u021bei utilizatorului:<\/strong> Cookie-urile permit site-urilor web s\u0103 ofere o experien\u021b\u0103 personalizat\u0103, re\u021bin\u00e2nd preferin\u021bele vizitatorilor \u0219i baz\u00e2ndu-se pe interac\u021biunile anterioare. De exemplu, pot re\u021bine set\u0103ri precum limba sau tema preferat\u0103 atunci c\u00e2nd v\u0103 autentifica\u021bi pe un site.<\/li><li><strong>Gestionarea sesiunii:<\/strong> Cookie-urile pot ajuta utilizatorii s\u0103 \u00ee\u0219i men\u021bin\u0103 sesiunea activ\u0103 pe durata utiliz\u0103rii unui site web. Astfel, nu este necesar s\u0103 v\u0103 autentifica\u021bi din nou pe fiecare pagin\u0103.<\/li><li><strong>Colectarea datelor analitice:<\/strong> Site-urile web pot colecta informa\u021bii despre comportamentul vizitatorilor prin intermediul cookie-urilor. Aceste date \u00eei ajut\u0103 pe proprietarii site-urilor s\u0103 \u00een\u021beleag\u0103 care pagini sunt populare, demografia vizitatorilor \u0219i modul \u00een care utilizatorii interac\u021bioneaz\u0103 cu site-ul.<\/li><li><strong>Reclame personalizate:<\/strong> Cookie-urile permit afi\u0219area de reclame personalizate pe baza comportamentului online al utilizatorilor. Astfel, utilizatorii pot vedea reclame mai relevante pentru interesele lor.<\/li><li><strong>Securitate:<\/strong> Cookie-urile pot fi utilizate pentru a \u00eembun\u0103t\u0103\u021bi securitatea unui site web. Ele pot contribui la m\u0103suri de securitate precum identificarea utilizatorilor \u0219i stocarea informa\u021biilor de autentificare.<\/li><li><strong>Servicii ale ter\u021bilor:<\/strong> Site-urile web pot utiliza cookie-uri ale unor ter\u021be p\u0103r\u021bi pentru a integra diverse servicii sau pentru a partaja con\u021binut. \u00cen acest caz, se aplic\u0103 politicile de confiden\u021bialitate ale respectivei ter\u021be p\u0103r\u021bi.<\/li><\/ul><p>Pentru protejarea confiden\u021bialit\u0103\u021bii, site-urile web ofer\u0103 de obicei informa\u021bii clare despre utilizarea cookie-urilor \u0219i ofer\u0103 utilizatorilor op\u021biunea de a accepta sau refuza cookie-urile. Utilizatorii pot controla \u0219i gestiona cookie-urile prin set\u0103rile browserului.<\/p>                        <\/div>\n                    <\/div>\n                <\/div>\n            <\/div>\n        <\/section>\n        \t\t\t\t<\/div>\n\t\t\t\t<\/div>\n\t\t\t\t<\/div>\n\t\t\t\t<\/div>\n\t\t","protected":false},"excerpt":{"rendered":"<p>Politica de cookie-uri \u0130stanbul Cerrahi Hastanesi olarak Institu\u0163ional Misiune de viziune Legea Kvkk Unitatea de Management al Calitatii Politica de cookie-uri Ce sunt cookie-urile? Cookie-urile sunt fi\u0219iere text mici utilizate pentru a \u00eembun\u0103t\u0103\u021bi, accelera \u0219i securiza experien\u021ba de navigare pe internet. Atunci c\u00e2nd vizita\u021bi un site web, aceste fi\u0219iere sunt salvate pe dispozitivul dumneavoastr\u0103 prin [&hellip;]<\/p>\n","protected":false},"author":1,"featured_media":0,"parent":6558,"menu_order":0,"comment_status":"closed","ping_status":"closed","template":"","meta":{"_crdt_document":"","footnotes":""},"class_list":["post-6623","page","type-page","status-publish","hentry"],"_links":{"self":[{"href":"https:\/\/istanbulcerrahi.com\/ro\/wp-json\/wp\/v2\/pages\/6623","targetHints":{"allow":["GET"]}}],"collection":[{"href":"https:\/\/istanbulcerrahi.com\/ro\/wp-json\/wp\/v2\/pages"}],"about":[{"href":"https:\/\/istanbulcerrahi.com\/ro\/wp-json\/wp\/v2\/types\/page"}],"author":[{"embeddable":true,"href":"https:\/\/istanbulcerrahi.com\/ro\/wp-json\/wp\/v2\/users\/1"}],"replies":[{"embeddable":true,"href":"https:\/\/istanbulcerrahi.com\/ro\/wp-json\/wp\/v2\/comments?post=6623"}],"version-history":[{"count":11,"href":"https:\/\/istanbulcerrahi.com\/ro\/wp-json\/wp\/v2\/pages\/6623\/revisions"}],"predecessor-version":[{"id":7275,"href":"https:\/\/istanbulcerrahi.com\/ro\/wp-json\/wp\/v2\/pages\/6623\/revisions\/7275"}],"up":[{"embeddable":true,"href":"https:\/\/istanbulcerrahi.com\/ro\/wp-json\/wp\/v2\/pages\/6558"}],"wp:attachment":[{"href":"https:\/\/istanbulcerrahi.com\/ro\/wp-json\/wp\/v2\/media?parent=6623"}],"curies":[{"name":"wp","href":"https:\/\/api.w.org\/{rel}","templated":true}]}}