{"id":6618,"date":"2023-11-22T12:01:14","date_gmt":"2023-11-22T09:01:14","guid":{"rendered":"https:\/\/istanbulcerrahi.com\/kurumsal\/kalite-yonetim-birimi\/"},"modified":"2026-03-16T10:29:07","modified_gmt":"2026-03-16T07:29:07","slug":"unitatea-de-management-al-calitatii","status":"publish","type":"page","link":"https:\/\/istanbulcerrahi.com\/ro\/institutional\/unitatea-de-management-al-calitatii\/","title":{"rendered":"Unitatea de Management al Calitatii"},"content":{"rendered":"\t\t<div data-elementor-type=\"wp-page\" data-elementor-id=\"6618\" class=\"elementor elementor-6618 elementor-543\">\n\t\t\t\t<div class=\"elementor-element elementor-element-575435d e-con-full e-flex e-con e-parent\" data-id=\"575435d\" data-element_type=\"container\" data-e-type=\"container\">\n\t\t\t\t<div class=\"elementor-element elementor-element-574f04a elementor-widget elementor-widget-sub-main\" data-id=\"574f04a\" data-element_type=\"widget\" data-e-type=\"widget\" data-widget_type=\"sub-main.default\">\n\t\t\t\t<div class=\"elementor-widget-container\">\n\t\t\t\t\t\n        <section class=\"sub-main\">\n            <div class=\"container h-100\">\n                <div class=\"row align-items-end h-100\">\n                    <div class=\"col-12\">\n                        <h1>\n                            Unitatea de Management al Calitatii                        <\/h1>\n                        <ul id=\"breadcrumbs\" class=\"breadcrumbs\"><li class=\"item-home\"><a class=\"bread-link bread-home\" href=\"https:\/\/istanbulcerrahi.com\/ro\/\" title=\"\u0130stanbul Cerrahi Hastanesi\"><svg width=\"18\" height=\"18\" xmlns=\"http:\/\/www.w3.org\/2000\/svg\" fill=\"none\"><path d=\"M6.5 13.167H11.5M1.5 11.167V9.108C1.5 8.151 1.5 7.672 1.623 7.232C1.733 6.841 1.912 6.474 2.153 6.148C2.426 5.78 2.803 5.486 3.559 4.899L5.726 3.213C6.897 2.302 7.482 1.847 8.129 1.672C8.699 1.518 9.301 1.518 9.871 1.672C10.518 1.847 11.103 2.302 12.274 3.213L14.441 4.899C15.197 5.486 15.574 5.78 15.847 6.148C16.088 6.474 16.267 6.841 16.377 7.232C16.5 7.672 16.5 8.151 16.5 9.108V11.167C16.5 13.033 16.5 13.967 16.137 14.68C15.817 15.307 15.307 15.817 14.68 16.137C13.967 16.5 13.033 16.5 11.167 16.5H6.833C4.966 16.5 4.033 16.5 3.32 16.137C2.693 15.817 2.183 15.307 1.863 14.68C1.5 13.967 1.5 13.033 1.5 11.167Z\" stroke=\"white\" stroke-width=\"1.4\" stroke-linecap=\"round\" stroke-linejoin=\"round\"\/><\/svg><\/a><\/li><\/ul>                    <\/div>\n                <\/div>\n            <\/div>\n        <\/section>\n        \t\t\t\t<\/div>\n\t\t\t\t<\/div>\n\t\t\t\t<\/div>\n\t\t<div class=\"elementor-element elementor-element-d0df01c e-con-full e-flex e-con e-parent\" data-id=\"d0df01c\" data-element_type=\"container\" data-e-type=\"container\">\n\t\t\t\t<div class=\"elementor-element elementor-element-61aa570 elementor-widget elementor-widget-kurumsal-kvkk\" data-id=\"61aa570\" data-element_type=\"widget\" data-e-type=\"widget\" data-widget_type=\"kurumsal-kvkk.default\">\n\t\t\t\t<div class=\"elementor-widget-container\">\n\t\t\t\t\t\n        <section class=\"kurumsal\">\n            <div class=\"container\">\n                <div class=\"row\">\n                    <div class=\"col-12 col-md-3\">\n                        <ul>\n                            <h2>Spitalul Chirurgical din Istanbul<\/h2>\n                                                            <li>\n                                                                            <a href=\"https:\/\/istanbulcerrahi.com\/ro\/institutional\/\">\n                                            Institu\u0163ional                                        <\/a>\n                                                                    <\/li>\n                                                            <li>\n                                                                            <a href=\"https:\/\/istanbulcerrahi.com\/ro\/institutional\/misiune-de-viziune\/\">\n                                            Misiune de viziune                                        <\/a>\n                                                                    <\/li>\n                                                            <li>\n                                                                            <a href=\"https:\/\/istanbulcerrahi.com\/ro\/institutional\/legea-kvkk\/\">\n                                            Legea Kvkk                                        <\/a>\n                                                                    <\/li>\n                                                            <li>\n                                                                            <a href=\"https:\/\/istanbulcerrahi.com\/ro\/institutional\/unitatea-de-management-al-calitatii\/\">\n                                            Unitatea de Management al Calitatii                                        <\/a>\n                                                                    <\/li>\n                                                            <li>\n                                                                            <a href=\"https:\/\/istanbulcerrahi.com\/ro\/institutional\/politica-de-cookie-uri\/\">\n                                            Politica de cookie-uri                                        <\/a>\n                                                                    <\/li>\n                                                    <\/ul>\n                    <\/div>\n                    <div class=\"col-12 col-md-9\">\n                        <div class=\"kurumsal-main\">\n                            <p>\u00a0<\/p><h3>POLITICA DE CALITATE<\/h3><ul><li>Utilizarea celor mai recente cuno\u0219tin\u021be \u0219i tehnologii la care a ajuns medicina<\/li><li>Adoptarea principiului \u00eembun\u0103t\u0103\u021birii continue a calit\u0103\u021bii<\/li><li>Cre\u0219terea \u0219i dezvoltarea cuno\u0219tin\u021belor \u0219i abilit\u0103\u021bilor angaja\u021bilor no\u0219tri<\/li><li>Desf\u0103\u0219urarea activit\u0103\u021bii \u00een conformitate cu etica profesional\u0103, legile \u0219i reglement\u0103rile<\/li><li>Acordarea celei mai mari importan\u021be satisfac\u021biei pacien\u021bilor, apar\u021bin\u0103torilor \u0219i angaja\u021bilor.<\/li><\/ul><h3>RESPONSABILI DEPARTAMENTE<\/h3><p><strong>Director General:&lt;\/strong &gt;<\/strong><\/p><p>\u0130smail Ercins<\/p><p><strong>Director Managementul Calit\u0103\u021bii : <\/strong><\/p><p>Hayriye \u00d6zdemir<\/p>                        <\/div>\n                    <\/div>\n                <\/div>\n            <\/div>\n        <\/section>\n        \t\t\t\t<\/div>\n\t\t\t\t<\/div>\n\t\t\t\t<\/div>\n\t\t\t\t<\/div>\n\t\t","protected":false},"excerpt":{"rendered":"<p>Unitatea de Management al Calitatii \u0130stanbul Cerrahi Hastanesi olarak Institu\u0163ional Misiune de viziune Legea Kvkk Unitatea de Management al Calitatii Politica de cookie-uri \u00a0 POLITICA DE CALITATE Utilizarea celor mai recente cuno\u0219tin\u021be \u0219i tehnologii la care a ajuns medicina Adoptarea principiului \u00eembun\u0103t\u0103\u021birii continue a calit\u0103\u021bii Cre\u0219terea \u0219i dezvoltarea cuno\u0219tin\u021belor \u0219i abilit\u0103\u021bilor angaja\u021bilor no\u0219tri Desf\u0103\u0219urarea activit\u0103\u021bii [&hellip;]<\/p>\n","protected":false},"author":1,"featured_media":0,"parent":6558,"menu_order":0,"comment_status":"closed","ping_status":"closed","template":"","meta":{"_crdt_document":"","footnotes":""},"class_list":["post-6618","page","type-page","status-publish","hentry"],"_links":{"self":[{"href":"https:\/\/istanbulcerrahi.com\/ro\/wp-json\/wp\/v2\/pages\/6618","targetHints":{"allow":["GET"]}}],"collection":[{"href":"https:\/\/istanbulcerrahi.com\/ro\/wp-json\/wp\/v2\/pages"}],"about":[{"href":"https:\/\/istanbulcerrahi.com\/ro\/wp-json\/wp\/v2\/types\/page"}],"author":[{"embeddable":true,"href":"https:\/\/istanbulcerrahi.com\/ro\/wp-json\/wp\/v2\/users\/1"}],"replies":[{"embeddable":true,"href":"https:\/\/istanbulcerrahi.com\/ro\/wp-json\/wp\/v2\/comments?post=6618"}],"version-history":[{"count":10,"href":"https:\/\/istanbulcerrahi.com\/ro\/wp-json\/wp\/v2\/pages\/6618\/revisions"}],"predecessor-version":[{"id":7280,"href":"https:\/\/istanbulcerrahi.com\/ro\/wp-json\/wp\/v2\/pages\/6618\/revisions\/7280"}],"up":[{"embeddable":true,"href":"https:\/\/istanbulcerrahi.com\/ro\/wp-json\/wp\/v2\/pages\/6558"}],"wp:attachment":[{"href":"https:\/\/istanbulcerrahi.com\/ro\/wp-json\/wp\/v2\/media?parent=6618"}],"curies":[{"name":"wp","href":"https:\/\/api.w.org\/{rel}","templated":true}]}}