{"id":6595,"date":"2023-11-22T11:34:30","date_gmt":"2023-11-22T08:34:30","guid":{"rendered":"https:\/\/istanbulcerrahi.com\/kurumsal\/vizyon-misyon\/"},"modified":"2026-03-16T10:27:38","modified_gmt":"2026-03-16T07:27:38","slug":"misiune-de-viziune","status":"publish","type":"page","link":"https:\/\/istanbulcerrahi.com\/ro\/institutional\/misiune-de-viziune\/","title":{"rendered":"Misiune de viziune"},"content":{"rendered":"\t\t<div data-elementor-type=\"wp-page\" data-elementor-id=\"6595\" class=\"elementor elementor-6595 elementor-526\">\n\t\t\t\t<div class=\"elementor-element elementor-element-7b77ab9 e-con-full e-flex e-con e-parent\" data-id=\"7b77ab9\" data-element_type=\"container\" data-e-type=\"container\">\n\t\t\t\t<div class=\"elementor-element elementor-element-d801c70 elementor-widget elementor-widget-sub-main\" data-id=\"d801c70\" data-element_type=\"widget\" data-e-type=\"widget\" data-widget_type=\"sub-main.default\">\n\t\t\t\t<div class=\"elementor-widget-container\">\n\t\t\t\t\t\n        <section class=\"sub-main\">\n            <div class=\"container h-100\">\n                <div class=\"row align-items-end h-100\">\n                    <div class=\"col-12\">\n                        <h1>\n                            Misiune de viziune                        <\/h1>\n                        <ul id=\"breadcrumbs\" class=\"breadcrumbs\"><li class=\"item-home\"><a class=\"bread-link bread-home\" href=\"https:\/\/istanbulcerrahi.com\/ro\/\" title=\"\u0130stanbul Cerrahi Hastanesi\"><svg width=\"18\" height=\"18\" xmlns=\"http:\/\/www.w3.org\/2000\/svg\" fill=\"none\"><path d=\"M6.5 13.167H11.5M1.5 11.167V9.108C1.5 8.151 1.5 7.672 1.623 7.232C1.733 6.841 1.912 6.474 2.153 6.148C2.426 5.78 2.803 5.486 3.559 4.899L5.726 3.213C6.897 2.302 7.482 1.847 8.129 1.672C8.699 1.518 9.301 1.518 9.871 1.672C10.518 1.847 11.103 2.302 12.274 3.213L14.441 4.899C15.197 5.486 15.574 5.78 15.847 6.148C16.088 6.474 16.267 6.841 16.377 7.232C16.5 7.672 16.5 8.151 16.5 9.108V11.167C16.5 13.033 16.5 13.967 16.137 14.68C15.817 15.307 15.307 15.817 14.68 16.137C13.967 16.5 13.033 16.5 11.167 16.5H6.833C4.966 16.5 4.033 16.5 3.32 16.137C2.693 15.817 2.183 15.307 1.863 14.68C1.5 13.967 1.5 13.033 1.5 11.167Z\" stroke=\"white\" stroke-width=\"1.4\" stroke-linecap=\"round\" stroke-linejoin=\"round\"\/><\/svg><\/a><\/li><\/ul>                    <\/div>\n                <\/div>\n            <\/div>\n        <\/section>\n        \t\t\t\t<\/div>\n\t\t\t\t<\/div>\n\t\t\t\t<\/div>\n\t\t<div class=\"elementor-element elementor-element-dcdb26a e-con-full e-flex e-con e-parent\" data-id=\"dcdb26a\" data-element_type=\"container\" data-e-type=\"container\">\n\t\t\t\t<div class=\"elementor-element elementor-element-c9370e0 elementor-widget elementor-widget-kurumsal-cerez\" data-id=\"c9370e0\" data-element_type=\"widget\" data-e-type=\"widget\" data-widget_type=\"kurumsal-cerez.default\">\n\t\t\t\t<div class=\"elementor-widget-container\">\n\t\t\t\t\t\n        <section class=\"kurumsal\">\n            <div class=\"container\">\n                <div class=\"row\">\n                    <div class=\"col-12 col-md-3\">\n                        <ul>\n                            <h2>Spitalul Chirurgical din Istanbul<\/h2>\n                                                            <li>\n                                                                            <a href=\"https:\/\/istanbulcerrahi.com\/ro\/institutional\/\">\n                                            Institu\u0163ional                                        <\/a>\n                                                                    <\/li>\n                                                            <li>\n                                                                            <a href=\"https:\/\/istanbulcerrahi.com\/ro\/institutional\/misiune-de-viziune\/\">\n                                            Misiune de viziune                                        <\/a>\n                                                                    <\/li>\n                                                            <li>\n                                                                            <a href=\"https:\/\/istanbulcerrahi.com\/ro\/institutional\/legea-kvkk\/\">\n                                            Legea Kvkk                                        <\/a>\n                                                                    <\/li>\n                                                            <li>\n                                                                            <a href=\"https:\/\/istanbulcerrahi.com\/ro\/institutional\/unitatea-de-management-al-calitatii\/\">\n                                            Unitatea de Management al Calitatii                                        <\/a>\n                                                                    <\/li>\n                                                            <li>\n                                                                            <a href=\"https:\/\/istanbulcerrahi.com\/ro\/institutional\/politica-de-cookie-uri\/\">\n                                            Politica de cookie-uri                                        <\/a>\n                                                                    <\/li>\n                                                    <\/ul>\n                    <\/div>\n                    <div class=\"col-12 col-md-9\">\n                        <div class=\"kurumsal-main\">\n                            <h2><strong>Viziune<\/strong><\/h2><p>Ca \u0130stanbul Cerrahi Hastanesi, viziunea noastr\u0103 este s\u0103 redefinim serviciile medicale nu doar ca un proces orientat spre tratament, ci ca o experien\u021b\u0103 holistic\u0103 ce \u00eembun\u0103t\u0103\u021be\u0219te calitatea vie\u021bii.<\/p><p>Prin noua noastr\u0103 abordare managerial\u0103, ne propunem s\u0103 devenim un centru chirurgical de referin\u021b\u0103, de tip boutique, sigur \u0219i la standarde interna\u021bionale, prin combinarea tehnologiilor medicale moderne, a dezvolt\u0103rilor \u0219tiin\u021bifice \u0219i a experien\u021bei pacientului.<\/p><p>Scopul nostru este ca, \u00een special \u00een domeniile chirurgiei bariatrice, chirurgiei generale, chirurgiei plastice, neurochirurgiei \u0219i urologiei, s\u0103 devenim unul dintre centrele medicale preferate din Turcia \u0219i din regiune, prin tehnologie avansat\u0103, o echip\u0103 medical\u0103 puternic\u0103 \u0219i servicii medicale personalizate.<\/p><p>\u0130stanbul Cerrahi Hastanesi este o institu\u021bie care \u00ee\u0219i propune s\u0103 modeleze serviciile medicale nu doar \u00een func\u021bie de nevoile prezentului, ci \u0219i de viziunea asupra s\u0103n\u0103t\u0103\u021bii viitorului.<\/p><h2><strong>Misiune<\/strong><\/h2><p>Misiunea noastr\u0103 este s\u0103 oferim servicii medicale personalizate, la standarde \u00eenalte de calitate, bazate pe \u00eencredere, respect \u0219i transparen\u021b\u0103, respect\u00e2nd valorile etice.<\/p><p>Ca \u0130stanbul Cerrahi Hastanesi;<\/p><p>* S\u0103 oferim pacien\u021bilor no\u0219tri servicii medicale sigure, confortabile \u0219i rapide<\/p><p>* S\u0103 integr\u0103m tehnologiile medicale moderne \u0219i dezvolt\u0103rile \u0219tiin\u021bifice \u00een procesele de tratament<\/p><p>* S\u0103 asigur\u0103m diagnostic corect \u0219i tratament eficient prin echipa noastr\u0103 de medici experimenta\u021bi<\/p><p>* S\u0103 plas\u0103m satisfac\u021bia \u0219i experien\u021ba pacientului \u00een centrul serviciilor medicale<\/p><p>* S\u0103 fim un centru medical de \u00eencredere pentru pacien\u021bii locali \u0219i interna\u021bionali<\/p><p>consider\u0103m aceste principii drept responsabilitatea noastr\u0103 fundamental\u0103.<\/p><p>\u00cen conformitate cu noua noastr\u0103 viziune, \u0130stanbul Cerrahi Hastanesi continu\u0103 s\u0103 fac\u0103 diferen\u021ba \u00een serviciile medicale ca un centru \u00een care se \u00eent\u00e2lnesc \u0219tiin\u021ba, experien\u021ba \u0219i abordarea medical\u0103 orientat\u0103 c\u0103tre oameni.<\/p><h2>Valorile noastre<\/h2><p><strong>S<\/strong><strong>\u0103<\/strong><strong>n<\/strong><strong>\u0103<\/strong><strong>tate Orientat\u0103 c\u0103tre Oameni<\/strong><\/p><p>Privim fiecare pacient nu doar ca pe un caz, ci ca pe o poveste de via\u021b\u0103. Oferim toate serviciile noastre medicale pe baza empatiei, respectului \u0219i \u00eencrederii \u0219i ne propunem s\u0103 oferim fiec\u0103rui pacient o experien\u021b\u0103 medical\u0103 personalizat\u0103.<\/p><p><strong>Excelen<\/strong><strong>\u021b<\/strong><strong>\u0103 Chirurgical<\/strong><strong>\u0103<\/strong><\/p><p>\u0130stanbul Cerrahi Hastanesi urm\u0103re\u0219te \u00eendeaproape evolu\u021biile \u0219tiin\u021bifice, \u00een special \u00een domeniile chirurgiei bariatrice, chirurgiei generale, chirurgiei plastice, neurochirurgiei \u0219i urologiei, \u0219i \u00ee\u0219i propune s\u0103 ofere cele mai \u00eenalte standarde chirurgicale prin tehnologie avansat\u0103 \u0219i o echip\u0103 medical\u0103 specializat\u0103.<\/p><p><strong>\u00ce<\/strong><strong>n<\/strong><strong>credere \u0219i Valori Etice<\/strong><\/p><p>Credem c\u0103 \u00eencrederea este cel mai important element \u00een serviciile medicale. Adopt\u0103m o abordare transparent\u0103, bazat\u0103 pe valori etice \u0219i care pune pe primul loc siguran\u021ba pacientului \u00een toate procesele noastre.<\/p><p><strong>Experien\u021ba Pacientului<\/strong><\/p><p>Odat\u0103 cu noua noastr\u0103 abordare managerial\u0103, consider\u0103m serviciile medicale nu doar ca un proces de tratament, ci ca o experien\u021b\u0103 a pacientului planificat\u0103 de la \u00eenceput p\u00e2n\u0103 la final. Scopul nostru este s\u0103 oferim pacien\u021bilor o c\u0103l\u0103torie medical\u0103 sigur\u0103, confortabil\u0103 \u0219i lini\u0219tit\u0103.<\/p><p><strong>\u0218tiin\u021b\u0103 \u0219i Inova\u021bie<\/strong><\/p><p>Urm\u0103rim \u00eendeaproape toate evolu\u021biile \u0219tiin\u021bifice oferite de medicina modern\u0103 \u0219i aplic\u0103m cele mai noi metode de tratament \u0219i tehnologii \u00een modul cel mai potrivit pentru s\u0103n\u0103tatea pacien\u021bilor no\u0219tri.<\/p><p><strong>Servicii Medicale Interna<\/strong><strong>\u021b<\/strong><strong>ionale<\/strong><\/p><p>\u0130stanbul Cerrahi Hastanesi ofer\u0103 servicii medicale de \u00eencredere pacien\u021bilor veni\u021bi din numeroase \u021b\u0103ri \u00een cadrul turismului medical \u0219i \u00ee\u0219i continu\u0103 activitatea cu viziunea de a deveni un centru medical la standarde interna\u021bionale.<\/p>                        <\/div>\n                    <\/div>\n                <\/div>\n            <\/div>\n        <\/section>\n        \t\t\t\t<\/div>\n\t\t\t\t<\/div>\n\t\t\t\t<\/div>\n\t\t\t\t<\/div>\n\t\t","protected":false},"excerpt":{"rendered":"<p>Misiune de viziune \u0130stanbul Cerrahi Hastanesi olarak Institu\u0163ional Misiune de viziune Legea Kvkk Unitatea de Management al Calitatii Politica de cookie-uri Viziune Ca \u0130stanbul Cerrahi Hastanesi, viziunea noastr\u0103 este s\u0103 redefinim serviciile medicale nu doar ca un proces orientat spre tratament, ci ca o experien\u021b\u0103 holistic\u0103 ce \u00eembun\u0103t\u0103\u021be\u0219te calitatea vie\u021bii. Prin noua noastr\u0103 abordare managerial\u0103, [&hellip;]<\/p>\n","protected":false},"author":1,"featured_media":0,"parent":6558,"menu_order":0,"comment_status":"closed","ping_status":"closed","template":"","meta":{"_crdt_document":"","footnotes":""},"class_list":["post-6595","page","type-page","status-publish","hentry"],"_links":{"self":[{"href":"https:\/\/istanbulcerrahi.com\/ro\/wp-json\/wp\/v2\/pages\/6595","targetHints":{"allow":["GET"]}}],"collection":[{"href":"https:\/\/istanbulcerrahi.com\/ro\/wp-json\/wp\/v2\/pages"}],"about":[{"href":"https:\/\/istanbulcerrahi.com\/ro\/wp-json\/wp\/v2\/types\/page"}],"author":[{"embeddable":true,"href":"https:\/\/istanbulcerrahi.com\/ro\/wp-json\/wp\/v2\/users\/1"}],"replies":[{"embeddable":true,"href":"https:\/\/istanbulcerrahi.com\/ro\/wp-json\/wp\/v2\/comments?post=6595"}],"version-history":[{"count":10,"href":"https:\/\/istanbulcerrahi.com\/ro\/wp-json\/wp\/v2\/pages\/6595\/revisions"}],"predecessor-version":[{"id":7271,"href":"https:\/\/istanbulcerrahi.com\/ro\/wp-json\/wp\/v2\/pages\/6595\/revisions\/7271"}],"up":[{"embeddable":true,"href":"https:\/\/istanbulcerrahi.com\/ro\/wp-json\/wp\/v2\/pages\/6558"}],"wp:attachment":[{"href":"https:\/\/istanbulcerrahi.com\/ro\/wp-json\/wp\/v2\/media?parent=6595"}],"curies":[{"name":"wp","href":"https:\/\/api.w.org\/{rel}","templated":true}]}}