{"id":6558,"date":"2023-11-07T15:20:00","date_gmt":"2023-11-07T12:20:00","guid":{"rendered":"https:\/\/istanbulcerrahi.com\/kurumsal\/"},"modified":"2026-03-16T10:25:59","modified_gmt":"2026-03-16T07:25:59","slug":"institutional","status":"publish","type":"page","link":"https:\/\/istanbulcerrahi.com\/ro\/institutional\/","title":{"rendered":"Institu\u0163ional"},"content":{"rendered":"\t\t<div data-elementor-type=\"wp-page\" data-elementor-id=\"6558\" class=\"elementor elementor-6558 elementor-24\">\n\t\t\t\t<div class=\"elementor-element elementor-element-7f0a719 e-con-full e-flex e-con e-parent\" data-id=\"7f0a719\" data-element_type=\"container\" data-e-type=\"container\">\n\t\t\t\t<div class=\"elementor-element elementor-element-2b7f313 elementor-widget elementor-widget-sub-main\" data-id=\"2b7f313\" data-element_type=\"widget\" data-e-type=\"widget\" data-widget_type=\"sub-main.default\">\n\t\t\t\t<div class=\"elementor-widget-container\">\n\t\t\t\t\t\n        <section class=\"sub-main\">\n            <div class=\"container h-100\">\n                <div class=\"row align-items-end h-100\">\n                    <div class=\"col-12\">\n                        <h1>\n                            Institu\u0163ional                        <\/h1>\n                        <ul id=\"breadcrumbs\" class=\"breadcrumbs\"><li class=\"item-home\"><a class=\"bread-link bread-home\" href=\"https:\/\/istanbulcerrahi.com\/ro\/\" title=\"\u0130stanbul Cerrahi Hastanesi\"><svg width=\"18\" height=\"18\" xmlns=\"http:\/\/www.w3.org\/2000\/svg\" fill=\"none\"><path d=\"M6.5 13.167H11.5M1.5 11.167V9.108C1.5 8.151 1.5 7.672 1.623 7.232C1.733 6.841 1.912 6.474 2.153 6.148C2.426 5.78 2.803 5.486 3.559 4.899L5.726 3.213C6.897 2.302 7.482 1.847 8.129 1.672C8.699 1.518 9.301 1.518 9.871 1.672C10.518 1.847 11.103 2.302 12.274 3.213L14.441 4.899C15.197 5.486 15.574 5.78 15.847 6.148C16.088 6.474 16.267 6.841 16.377 7.232C16.5 7.672 16.5 8.151 16.5 9.108V11.167C16.5 13.033 16.5 13.967 16.137 14.68C15.817 15.307 15.307 15.817 14.68 16.137C13.967 16.5 13.033 16.5 11.167 16.5H6.833C4.966 16.5 4.033 16.5 3.32 16.137C2.693 15.817 2.183 15.307 1.863 14.68C1.5 13.967 1.5 13.033 1.5 11.167Z\" stroke=\"white\" stroke-width=\"1.4\" stroke-linecap=\"round\" stroke-linejoin=\"round\"\/><\/svg><\/a><\/li><\/ul>                    <\/div>\n                <\/div>\n            <\/div>\n        <\/section>\n        \t\t\t\t<\/div>\n\t\t\t\t<\/div>\n\t\t\t\t<\/div>\n\t\t<div class=\"elementor-element elementor-element-500a3ef e-con-full e-flex e-con e-parent\" data-id=\"500a3ef\" data-element_type=\"container\" data-e-type=\"container\">\n\t\t\t\t<div class=\"elementor-element elementor-element-ee7506d elementor-widget elementor-widget-kurumsal-main\" data-id=\"ee7506d\" data-element_type=\"widget\" data-e-type=\"widget\" data-widget_type=\"kurumsal-main.default\">\n\t\t\t\t<div class=\"elementor-widget-container\">\n\t\t\t\t\t\n        <section class=\"kurumsal\">\n            <div class=\"container\">\n                <div class=\"row\">\n                    <div class=\"col-12 col-md-3\">\n                        <ul>\n                            <h2>Spitalul Chirurgical din Istanbul<\/h2>\n                                                            <li>\n                                                                            <a href=\"https:\/\/istanbulcerrahi.com\/ro\/institutional\/\" \n                                           >\n                                            Institu\u0163ional                                        <\/a>\n                                                                    <\/li>\n                                                            <li>\n                                                                            <a href=\"https:\/\/istanbulcerrahi.com\/ro\/institutional\/misiune-de-viziune\/\" \n                                           >\n                                            Misiune de viziune                                        <\/a>\n                                                                    <\/li>\n                                                            <li>\n                                                                            <a href=\"https:\/\/istanbulcerrahi.com\/ro\/institutional\/legea-kvkk\/\" \n                                           >\n                                            Legea KVKK                                        <\/a>\n                                                                    <\/li>\n                                                            <li>\n                                                                            <a href=\"https:\/\/istanbulcerrahi.com\/ro\/institutional\/unitatea-de-management-al-calitatii\/\" \n                                           >\n                                            Unitatea de Management al Calitatii                                        <\/a>\n                                                                    <\/li>\n                                                            <li>\n                                                                            <a href=\"https:\/\/istanbulcerrahi.com\/ro\/institutional\/politica-de-cookie-uri\/\" \n                                           >\n                                            Politica de cookie-uri                                        <\/a>\n                                                                    <\/li>\n                                                    <\/ul>\n                    <\/div>\n                    <div class=\"col-12 col-md-9\">\n                        <div class=\"kurumsal-main\">\n                            <img decoding=\"async\" src=\"https:\/\/istanbulcerrahi.com\/wp-content\/uploads\/2025\/11\/Adsiz-tasarim-2025-11-04T170824.276.png\" alt=\"Hastane g\u00f6rsel\" title=\"\">\n                            \n                            <p>1998, sub principiul \u201eAcord\u0103m valoare s\u0103n\u0103t\u0103\u021bii umane\u201d, \u0130stanbul Cerrahi Hastanesi a fost fondat \u0219i, \u00eenc\u0103 de la \u00eenfiin\u021bare, a devenit una dintre adresele de \u00eencredere \u00een domeniul s\u0103n\u0103t\u0103\u021bii datorit\u0103 abord\u0103rii centrate pe pacient, echipei medicale specializate \u0219i infrastructurii tehnologice puternice.<\/p><p>Ast\u0103zi, spitalul nostru intr\u0103 \u00eentr-o nou\u0103 etap\u0103 \u00een serviciile medicale, printr-o nou\u0103 viziune managerial\u0103, o perspectiv\u0103 re\u00eennoit\u0103 \u0219i o abordare \u00eembun\u0103t\u0103\u021bit\u0103 a experien\u021bei pacientului. \u00cen cadrul procesului de transformare institu\u021bional\u0103 realizat, at\u00e2t infrastructura serviciilor noastre, c\u00e2t \u0219i procesele orientate c\u0103tre satisfac\u021bia pacien\u021bilor au fost restructurate \u00een conformitate cu standardele moderne ale sistemului medical.<\/p><p>\u0130stanbul Cerrahi Hastanesi adopt\u0103 conceptul de servicii medicale butik \u0219i premium, oferind fiec\u0103rui pacient o aten\u021bie individual\u0103 datorit\u0103 pozi\u021bion\u0103rii sale \u00een centrul ora\u0219ului. Echipa noastr\u0103 de speciali\u0219ti, care urm\u0103re\u0219te \u00eendeaproape evolu\u021biile \u0219tiin\u021bifice \u0219i inova\u021biile din medicin\u0103, aplic\u0103 cele mai moderne metode de tratament pentru s\u0103n\u0103tatea pacien\u021bilor no\u0219tri.<\/p><p><strong>Spitalul nostru <\/strong><strong>se remarc\u0103 \u00een special \u00een domeniile chirurgiei bariatrice \u0219i metabolice, chirurgiei generale, chirurgiei plastice \u0219i estetice, neurochirurgiei \u0219i urologiei, prin echipa sa medical\u0103 experimentat\u0103 \u0219i infrastructura tehnologic\u0103 avansat\u0103.<\/strong><\/p><p>\u0130stanbul Cerrahi Hastanesi \u00ee\u0219i extinde succesul na\u021bional la nivel interna\u021bional \u0219i ofer\u0103 servicii pacien\u021bilor veni\u021bi din numeroase \u021b\u0103ri \u00een cadrul turismului medical. Func\u021bion\u00e2nd cu un concept de servicii VIP pentru pacien\u021bi 24\/7, spitalul nostru ofer\u0103 o experien\u021b\u0103 medical\u0103 sigur\u0103 \u0219i confortabil\u0103 pacien\u021bilor interna\u021bionali, prin intermediul consultan\u021bilor specializa\u021bi care ofer\u0103 suport \u00een propriile lor limbi.<\/p><p>Cu infrastructura sa modernizat\u0103, camerele moderne pentru pacien\u021bi \u0219i echipa medical\u0103 puternic\u0103, \u0130stanbul Cerrahi Hastanesi continu\u0103 s\u0103 reuneasc\u0103 calitatea \u0219i \u00eencrederea \u00een serviciile medicale, prin noua sa viziune \u0219i abordarea \u00eembun\u0103t\u0103\u021bit\u0103 a experien\u021bei pacientului.<\/p>\n                            <ul class=\"about-number\">\n                                                                    <li>\n                                        <img decoding=\"async\" src=\"https:\/\/istanbulcerrahi.com\/wp-content\/uploads\/2023\/11\/2.svg\" alt=\"icon\" title=\"\">\n                                        <div class=\"about-content\">\n                                            <span>600.000+<\/span>\n                                            <p>Opera\u021bie medical\u0103<\/p>\n                                        <\/div>\n                                    <\/li>\n                                                                    <li>\n                                        <img decoding=\"async\" src=\"https:\/\/istanbulcerrahi.com\/wp-content\/uploads\/2023\/11\/1.svg\" alt=\"icon\" title=\"\">\n                                        <div class=\"about-content\">\n                                            <span>26+<\/span>\n                                            <p>Ani de experien\u021b\u0103<\/p>\n                                        <\/div>\n                                    <\/li>\n                                                                    <li>\n                                        <img decoding=\"async\" src=\"https:\/\/istanbulcerrahi.com\/wp-content\/uploads\/2023\/11\/3.svg\" alt=\"icon\" title=\"\">\n                                        <div class=\"about-content\">\n                                            <span>450+<\/span>\n                                            <p>Personalul sanitar<\/p>\n                                        <\/div>\n                                    <\/li>\n                                                            <\/ul>\n                        <\/div>\n                    <\/div>\n                <\/div>\n            <\/div>\n        <\/section>\n\n        <section class=\"kurumsal-bottom\">\n            <div class=\"container-fluid\">\n                <div class=\"row\">\n                    <div class=\"col-12\">\n                        <div class=\"swiper kurumsal-slider\">\n                            <div class=\"swiper-wrapper\">\n                                                                    <div class=\"swiper-slide\">\n                                        <img decoding=\"async\" src=\"https:\/\/istanbulcerrahi.com\/wp-content\/uploads\/2025\/11\/WhatsApp-Image-2025-11-04-at-11.27.10-1.jpeg\" alt=\"istanbul cerrahi-1 \" title=\"\">\n                                    <\/div>\n                                                                    <div class=\"swiper-slide\">\n                                        <img decoding=\"async\" src=\"https:\/\/istanbulcerrahi.com\/wp-content\/uploads\/2025\/11\/WhatsApp-Image-2025-11-04-at-11.27.10-2.jpeg\" alt=\"istanbul cerrahi-2\" title=\"\">\n                                    <\/div>\n                                                                    <div class=\"swiper-slide\">\n                                        <img decoding=\"async\" src=\"https:\/\/istanbulcerrahi.com\/wp-content\/uploads\/2025\/11\/WhatsApp-Image-2025-11-04-at-11.27.09.jpeg\" alt=\"istanbul cerrahi-3\" title=\"\">\n                                    <\/div>\n                                                                    <div class=\"swiper-slide\">\n                                        <img decoding=\"async\" src=\"https:\/\/istanbulcerrahi.com\/wp-content\/uploads\/2025\/11\/WhatsApp-Image-2025-11-04-at-11.27.13-3.jpeg\" alt=\"istanbul cerrahi-4\" title=\"\">\n                                    <\/div>\n                                                                    <div class=\"swiper-slide\">\n                                        <img decoding=\"async\" src=\"https:\/\/istanbulcerrahi.com\/wp-content\/uploads\/2025\/11\/WhatsApp-Image-2025-11-04-at-11.27.16-3.jpeg\" alt=\"istanbul cerrahi-5\" title=\"\">\n                                    <\/div>\n                                                                    <div class=\"swiper-slide\">\n                                        <img decoding=\"async\" src=\"https:\/\/istanbulcerrahi.com\/wp-content\/uploads\/2025\/11\/WhatsApp-Image-2025-11-04-at-11.27.16-6.jpeg\" alt=\"istanbul cerrahi-6\" title=\"\">\n                                    <\/div>\n                                                            <\/div>\n                            <div class=\"kurumsal-slider-pagination\"><\/div>\n                        <\/div>\n                    <\/div>\n                <\/div>\n            <\/div>\n        <\/section>\n        \t\t\t\t<\/div>\n\t\t\t\t<\/div>\n\t\t\t\t<\/div>\n\t\t<div class=\"elementor-element elementor-element-33d941b e-flex e-con-boxed e-con e-parent\" data-id=\"33d941b\" data-element_type=\"container\" data-e-type=\"container\">\n\t\t\t\t\t<div class=\"e-con-inner\">\n\t\t<div class=\"elementor-element elementor-element-d00936e e-con-full e-flex e-con e-child\" data-id=\"d00936e\" data-element_type=\"container\" data-e-type=\"container\">\n\t\t\t\t<div class=\"elementor-element elementor-element-c726540 elementor-widget elementor-widget-image\" data-id=\"c726540\" data-element_type=\"widget\" data-e-type=\"widget\" data-widget_type=\"image.default\">\n\t\t\t\t<div class=\"elementor-widget-container\">\n\t\t\t\t\t\t\t\t\t\t\t\t\t\t\t<img fetchpriority=\"high\" decoding=\"async\" width=\"693\" height=\"477\" src=\"https:\/\/istanbulcerrahi.com\/wp-content\/uploads\/2026\/01\/1-1.jpeg\" class=\"attachment-large size-large wp-image-6572\" alt=\"\" srcset=\"https:\/\/istanbulcerrahi.com\/wp-content\/uploads\/2026\/01\/1-1.jpeg 693w, https:\/\/istanbulcerrahi.com\/wp-content\/uploads\/2026\/01\/1-1-300x206.jpeg 300w\" sizes=\"(max-width: 693px) 100vw, 693px\" title=\"\">\t\t\t\t\t\t\t\t\t\t\t\t\t\t\t<\/div>\n\t\t\t\t<\/div>\n\t\t\t\t<\/div>\n\t\t<div class=\"elementor-element elementor-element-c924b05 e-con-full e-flex e-con e-child\" data-id=\"c924b05\" data-element_type=\"container\" data-e-type=\"container\">\n\t\t\t\t<div class=\"elementor-element elementor-element-b0e7e4a elementor-widget elementor-widget-image\" data-id=\"b0e7e4a\" data-element_type=\"widget\" data-e-type=\"widget\" data-widget_type=\"image.default\">\n\t\t\t\t<div class=\"elementor-widget-container\">\n\t\t\t\t\t\t\t\t\t\t\t\t\t\t\t<img decoding=\"async\" width=\"1024\" height=\"674\" src=\"https:\/\/istanbulcerrahi.com\/wp-content\/uploads\/2026\/01\/1155_1-1024x674.jpg\" class=\"attachment-large size-large wp-image-6573\" alt=\"\" srcset=\"https:\/\/istanbulcerrahi.com\/wp-content\/uploads\/2026\/01\/1155_1-1024x674.jpg 1024w, https:\/\/istanbulcerrahi.com\/wp-content\/uploads\/2026\/01\/1155_1-300x198.jpg 300w, https:\/\/istanbulcerrahi.com\/wp-content\/uploads\/2026\/01\/1155_1-768x506.jpg 768w, https:\/\/istanbulcerrahi.com\/wp-content\/uploads\/2026\/01\/1155_1.jpg 1128w\" sizes=\"(max-width: 1024px) 100vw, 1024px\" title=\"\">\t\t\t\t\t\t\t\t\t\t\t\t\t\t\t<\/div>\n\t\t\t\t<\/div>\n\t\t\t\t<\/div>\n\t\t\t\t\t<\/div>\n\t\t\t\t<\/div>\n\t\t\t\t<\/div>\n\t\t","protected":false},"excerpt":{"rendered":"<p>Institu\u0163ional \u0130stanbul Cerrahi Hastanesi olarak Institu\u0163ional Misiune de viziune Legea KVKK Unitatea de Management al Calitatii Politica de cookie-uri 1998, sub principiul \u201eAcord\u0103m valoare s\u0103n\u0103t\u0103\u021bii umane\u201d, \u0130stanbul Cerrahi Hastanesi a fost fondat \u0219i, \u00eenc\u0103 de la \u00eenfiin\u021bare, a devenit una dintre adresele de \u00eencredere \u00een domeniul s\u0103n\u0103t\u0103\u021bii datorit\u0103 abord\u0103rii centrate pe pacient, echipei medicale specializate [&hellip;]<\/p>\n","protected":false},"author":1,"featured_media":0,"parent":0,"menu_order":0,"comment_status":"closed","ping_status":"closed","template":"","meta":{"_crdt_document":"","footnotes":""},"class_list":["post-6558","page","type-page","status-publish","hentry"],"_links":{"self":[{"href":"https:\/\/istanbulcerrahi.com\/ro\/wp-json\/wp\/v2\/pages\/6558","targetHints":{"allow":["GET"]}}],"collection":[{"href":"https:\/\/istanbulcerrahi.com\/ro\/wp-json\/wp\/v2\/pages"}],"about":[{"href":"https:\/\/istanbulcerrahi.com\/ro\/wp-json\/wp\/v2\/types\/page"}],"author":[{"embeddable":true,"href":"https:\/\/istanbulcerrahi.com\/ro\/wp-json\/wp\/v2\/users\/1"}],"replies":[{"embeddable":true,"href":"https:\/\/istanbulcerrahi.com\/ro\/wp-json\/wp\/v2\/comments?post=6558"}],"version-history":[{"count":12,"href":"https:\/\/istanbulcerrahi.com\/ro\/wp-json\/wp\/v2\/pages\/6558\/revisions"}],"predecessor-version":[{"id":7267,"href":"https:\/\/istanbulcerrahi.com\/ro\/wp-json\/wp\/v2\/pages\/6558\/revisions\/7267"}],"wp:attachment":[{"href":"https:\/\/istanbulcerrahi.com\/ro\/wp-json\/wp\/v2\/media?parent=6558"}],"curies":[{"name":"wp","href":"https:\/\/api.w.org\/{rel}","templated":true}]}}