{"id":6665,"date":"2023-11-07T15:22:03","date_gmt":"2023-11-07T12:22:03","guid":{"rendered":"https:\/\/istanbulcerrahi.com\/iletisim\/"},"modified":"2026-03-13T12:17:34","modified_gmt":"2026-03-13T09:17:34","slug":"kommunikation","status":"publish","type":"page","link":"https:\/\/istanbulcerrahi.com\/de\/kommunikation\/","title":{"rendered":"Kommunikation"},"content":{"rendered":"\t\t<div data-elementor-type=\"wp-page\" data-elementor-id=\"6665\" class=\"elementor elementor-6665 elementor-39\">\n\t\t\t\t<div class=\"elementor-element elementor-element-0eb18e8 e-con-full e-flex e-con e-parent\" data-id=\"0eb18e8\" data-element_type=\"container\" data-e-type=\"container\">\n\t\t\t\t<div class=\"elementor-element elementor-element-d105586 elementor-widget elementor-widget-sub-main\" data-id=\"d105586\" data-element_type=\"widget\" data-e-type=\"widget\" data-widget_type=\"sub-main.default\">\n\t\t\t\t<div class=\"elementor-widget-container\">\n\t\t\t\t\t\n        <section class=\"sub-main\">\n            <div class=\"container h-100\">\n                <div class=\"row align-items-end h-100\">\n                    <div class=\"col-12\">\n                        <h1>\n                            Kommunikation                        <\/h1>\n                        <ul id=\"breadcrumbs\" class=\"breadcrumbs\"><li class=\"item-home\"><a class=\"bread-link bread-home\" href=\"https:\/\/istanbulcerrahi.com\/de\/\" title=\"\u0130stanbul Cerrahi Hastanesi\"><svg width=\"18\" height=\"18\" xmlns=\"http:\/\/www.w3.org\/2000\/svg\" fill=\"none\"><path d=\"M6.5 13.167H11.5M1.5 11.167V9.108C1.5 8.151 1.5 7.672 1.623 7.232C1.733 6.841 1.912 6.474 2.153 6.148C2.426 5.78 2.803 5.486 3.559 4.899L5.726 3.213C6.897 2.302 7.482 1.847 8.129 1.672C8.699 1.518 9.301 1.518 9.871 1.672C10.518 1.847 11.103 2.302 12.274 3.213L14.441 4.899C15.197 5.486 15.574 5.78 15.847 6.148C16.088 6.474 16.267 6.841 16.377 7.232C16.5 7.672 16.5 8.151 16.5 9.108V11.167C16.5 13.033 16.5 13.967 16.137 14.68C15.817 15.307 15.307 15.817 14.68 16.137C13.967 16.5 13.033 16.5 11.167 16.5H6.833C4.966 16.5 4.033 16.5 3.32 16.137C2.693 15.817 2.183 15.307 1.863 14.68C1.5 13.967 1.5 13.033 1.5 11.167Z\" stroke=\"white\" stroke-width=\"1.4\" stroke-linecap=\"round\" stroke-linejoin=\"round\"\/><\/svg><\/a><\/li><\/ul>                    <\/div>\n                <\/div>\n            <\/div>\n        <\/section>\n        \t\t\t\t<\/div>\n\t\t\t\t<\/div>\n\t\t\t\t<\/div>\n\t\t<div class=\"elementor-element elementor-element-505649e e-con-full e-flex e-con e-parent\" data-id=\"505649e\" data-element_type=\"container\" data-e-type=\"container\">\n\t\t\t\t<div class=\"elementor-element elementor-element-838ba63 elementor-widget elementor-widget-main-iletisim\" data-id=\"838ba63\" data-element_type=\"widget\" data-e-type=\"widget\" data-widget_type=\"main-iletisim.default\">\n\t\t\t\t<div class=\"elementor-widget-container\">\n\t\t\t\t\t\n        <section class=\"contact\">\n            <div class=\"container\">\n                <div class=\"row\">\n                                            <div class=\"col-12 col-md-6 col-lg-4\">\n                            <div class=\"contact-box\">\n                                <div class=\"contact-box-image\">\n                                    <img decoding=\"async\" src=\"https:\/\/istanbulcerrahi.com\/wp-content\/uploads\/2023\/11\/contact-phone.svg\" alt=\"phone\" title=\"\">\n                                <\/div>\n                                <div class=\"contact-box-content\">\n                                    <h4>Telefon<\/h4>\n                                    <p>Sie k\u00f6nnen unser Callcenter rund um die Uhr kontaktieren, um einen Termin zu vereinbaren oder detaillierte Informationen zu erhalten.<\/p>\n\n                                                                            <a href=\"tel:0212%20296%2094%2050\"\n                                           target=\"_self\"\n                                           rel=\"\"\n                                           class=\"first-number\">\n                                            0212 296 94 50                                        <\/a>\n                                    \n                                    \n                                                                    <\/div>\n                            <\/div>\n                        <\/div>\n                                            <div class=\"col-12 col-md-6 col-lg-4\">\n                            <div class=\"contact-box\">\n                                <div class=\"contact-box-image\">\n                                    <img decoding=\"async\" src=\"https:\/\/istanbulcerrahi.com\/wp-content\/uploads\/2023\/11\/location.svg\" alt=\"konum\" title=\"\">\n                                <\/div>\n                                <div class=\"contact-box-content\">\n                                    <h4>Adresse<\/h4>\n                                    <p>Fulya, Ferah-Stra\u00dfe Nr. 22, 34365 \u015ei\u015fli\/Istanbul<\/p>\n\n                                    \n                                    \n                                                                            <span class=\"map-button\">Karte anzeigen<\/span>\n                                                                    <\/div>\n                            <\/div>\n                        <\/div>\n                                            <div class=\"col-12 col-md-6 col-lg-4\">\n                            <div class=\"contact-box\">\n                                <div class=\"contact-box-image\">\n                                    <img decoding=\"async\" src=\"https:\/\/istanbulcerrahi.com\/wp-content\/uploads\/2023\/11\/whatsapp.svg\" alt=\"\" title=\"\">\n                                <\/div>\n                                <div class=\"contact-box-content\">\n                                    <h4>WhatsApp-Leitung<\/h4>\n                                    <p>Sie k\u00f6nnen unser Callcenter rund um die Uhr kontaktieren, um einen Termin zu vereinbaren oder detaillierte Informationen zu erhalten.<\/p>\n\n                                                                            <a href=\"http:\/\/wa.me\/905316507657\" target=\"_self\" rel=\"noopener\" class=\"first-number\">\n                                            +90 531 650 76 57                                        <\/a>\n                                    \n                                    \n                                                                    <\/div>\n                            <\/div>\n                        <\/div>\n                                    <\/div>\n            <\/div>\n        <\/section>\n\n        <section class=\"map\">\n            <div class=\"container-fluid\">\n                <p><iframe src=\"https:\/\/www.google.com\/maps\/embed?pb=!1m14!1m8!1m3!1d6017.228782700994!2d28.997954!3d41.055561!3m2!1i1024!2i768!4f13.1!3m3!1m2!1s0x14cab7292ce8f4d7%3A0xb9ce2d0302f11670!2s%C4%B0stanbul%20Cerrahi%20Hastanesi!5e0!3m2!1str!2str!4v1762208349079!5m2!1str!2str\" width=\"600\" height=\"450\" style=\"border:0;\" allowfullscreen=\"\" loading=\"lazy\" referrerpolicy=\"no-referrer-when-downgrade\"><\/iframe><\/p>            <\/div>\n        <\/section>\n        \t\t\t\t<\/div>\n\t\t\t\t<\/div>\n\t\t\t\t<\/div>\n\t\t<div class=\"elementor-element elementor-element-1822a46 e-con-full e-flex e-con e-parent\" data-id=\"1822a46\" data-element_type=\"container\" data-e-type=\"container\">\n\t\t\t\t<div class=\"elementor-element elementor-element-34c0099 elementor-widget elementor-widget-main-iletisim-form\" data-id=\"34c0099\" data-element_type=\"widget\" data-e-type=\"widget\" data-widget_type=\"main-iletisim-form.default\">\n\t\t\t\t<div class=\"elementor-widget-container\">\n\t\t\t\t\t\n        <div class=\"contact-form\">\n            <div class=\"container\">\n                <div class=\"row\">\n                    <div class=\"col-12 col-md-4\">\n                        <h2>Kontaktformular<\/h2>\nIhre Meinungen und Vorschl\u00e4ge sind f\u00fcr uns wertvoll.\n\nSie k\u00f6nnen uns jedes Feedback zu unserem Krankenhaus mitteilen, indem Sie das obenstehende Formular ausf\u00fcllen.\n\nUnsere zust\u00e4ndigen Abteilungen werden sich so schnell wie m\u00f6glich bei Ihnen melden.                    <\/div>\n                    <div class=\"col-md-1\"><\/div>\n                    <div class=\"col-12 col-md-7\">\n                        <form action=\"\" id=\"iletisim-form\" method=\"post\" enctype=\"multipart\/form-data\">\n    <input type=\"hidden\" class=\"urlInput\" name=\"urlInput\" id=\"urlInput\" value=\"\">\n    <input type=\"hidden\" name=\"type\" value=\"iletisim-form\">\n    <div class=\"row\">\n      <div class=\"col-12 col-md-6\">\n        <label for=\"name\">Name und Nachname<\/label>\n        <input type=\"text\" id=\"name\" name=\"name\">\n      <\/div>\n      <div class=\"col-12 col-md-6\">\n        <label for=\"email\">Email<\/label>\n        <input type=\"email\" id=\"email\" name=\"email\">\n      <\/div>\n      <div class=\"col-12 col-md-6\">\n        <label for=\"phone\">Telefon<\/label>\n        <input type=\"number\" id=\"phone\" name=\"phone\" placeholder=\"xxx.xxx.xxx-xx\">\n      <\/div>\n      <div class=\"col-12 col-md-6\">\n        <label for=\"konu\">Thema<\/label>\n        <select name=\"konu\" id=\"konu\">\n          <option value=\"Randevu Talebi\">Terminanfrage<\/option>\n          <option value=\"Bilgi Talebi\">Bilgi Talebi<\/option>\n          <option value=\"\u015eikayet\">\u015eikayet<\/option>\n          <option value=\"\u0130\u015f Ba\u015fvurusu\">\u0130\u015f Ba\u015fvurusu<\/option>\n        <\/select>\n      <\/div>\n      <div class=\"col-12\">\n        <label for=\"message\">Ihre Nachricht<\/label>\n        <textarea name=\"message\" id=\"message\" cols=\"30\" rows=\"10\"><\/textarea>\n      <\/div>\n      <div class=\"col-12\">\n        <div class=\"kvkk-container\">\n          <input type=\"checkbox\" id=\"checkbox\" name=\"checkbox\" checked>\n          <p> Ich habe die Informationen zum Gesetz Nr. 6698 zum Schutz personenbezogener Daten gelesen. Ich stimme der Verwendung meiner personenbezogenen Daten im angegebenen Umfang und der Kontaktaufnahme zum Zwecke der Erbringung von Gesundheitsdienstleistungen zu. <\/p>\n          <button class=\"red-button form-button iletisim-form\" type=\"submit\">Schicken<\/button>\n        <\/div>\n      <\/div>\n    <\/div>\n  <\/form>                    <\/div>\n                <\/div>\n            <\/div>\n        <\/div>\n        \t\t\t\t<\/div>\n\t\t\t\t<\/div>\n\t\t\t\t<\/div>\n\t\t\t\t<\/div>\n\t\t","protected":false},"excerpt":{"rendered":"<p>Kommunikation Telefon Sie k\u00f6nnen unser Callcenter rund um die Uhr kontaktieren, um einen Termin zu vereinbaren oder detaillierte Informationen zu erhalten. 0212 296 94 50 Adresse Fulya, Ferah-Stra\u00dfe Nr. 22, 34365 \u015ei\u015fli\/Istanbul Karte anzeigen WhatsApp-Leitung Sie k\u00f6nnen unser Callcenter rund um die Uhr kontaktieren, um einen Termin zu vereinbaren oder detaillierte Informationen zu erhalten. +90 [&hellip;]<\/p>\n","protected":false},"author":1,"featured_media":0,"parent":0,"menu_order":0,"comment_status":"closed","ping_status":"closed","template":"","meta":{"_crdt_document":"","footnotes":""},"class_list":["post-6665","page","type-page","status-publish","hentry"],"_links":{"self":[{"href":"https:\/\/istanbulcerrahi.com\/de\/wp-json\/wp\/v2\/pages\/6665","targetHints":{"allow":["GET"]}}],"collection":[{"href":"https:\/\/istanbulcerrahi.com\/de\/wp-json\/wp\/v2\/pages"}],"about":[{"href":"https:\/\/istanbulcerrahi.com\/de\/wp-json\/wp\/v2\/types\/page"}],"author":[{"embeddable":true,"href":"https:\/\/istanbulcerrahi.com\/de\/wp-json\/wp\/v2\/users\/1"}],"replies":[{"embeddable":true,"href":"https:\/\/istanbulcerrahi.com\/de\/wp-json\/wp\/v2\/comments?post=6665"}],"version-history":[{"count":5,"href":"https:\/\/istanbulcerrahi.com\/de\/wp-json\/wp\/v2\/pages\/6665\/revisions"}],"predecessor-version":[{"id":6884,"href":"https:\/\/istanbulcerrahi.com\/de\/wp-json\/wp\/v2\/pages\/6665\/revisions\/6884"}],"wp:attachment":[{"href":"https:\/\/istanbulcerrahi.com\/de\/wp-json\/wp\/v2\/media?parent=6665"}],"curies":[{"name":"wp","href":"https:\/\/api.w.org\/{rel}","templated":true}]}}