{"id":6622,"date":"2023-11-22T11:58:03","date_gmt":"2023-11-22T08:58:03","guid":{"rendered":"https:\/\/istanbulcerrahi.com\/kurumsal\/cerez-politikasi\/"},"modified":"2026-03-13T16:25:31","modified_gmt":"2026-03-13T13:25:31","slug":"cookie-richtlinie","status":"publish","type":"page","link":"https:\/\/istanbulcerrahi.com\/de\/institutionell\/cookie-richtlinie\/","title":{"rendered":"Cookie-Richtlinie"},"content":{"rendered":"\t\t<div data-elementor-type=\"wp-page\" data-elementor-id=\"6622\" class=\"elementor elementor-6622 elementor-538\">\n\t\t\t\t<div class=\"elementor-element elementor-element-fa62b5b e-con-full e-flex e-con e-parent\" data-id=\"fa62b5b\" data-element_type=\"container\" data-e-type=\"container\">\n\t\t\t\t<div class=\"elementor-element elementor-element-621c2cf elementor-widget elementor-widget-sub-main\" data-id=\"621c2cf\" data-element_type=\"widget\" data-e-type=\"widget\" data-widget_type=\"sub-main.default\">\n\t\t\t\t<div class=\"elementor-widget-container\">\n\t\t\t\t\t\n        <section class=\"sub-main\">\n            <div class=\"container h-100\">\n                <div class=\"row align-items-end h-100\">\n                    <div class=\"col-12\">\n                        <h1>\n                            Cookie-Richtlinie                        <\/h1>\n                        <ul id=\"breadcrumbs\" class=\"breadcrumbs\"><li class=\"item-home\"><a class=\"bread-link bread-home\" href=\"https:\/\/istanbulcerrahi.com\/de\/\" title=\"\u0130stanbul Cerrahi Hastanesi\"><svg width=\"18\" height=\"18\" xmlns=\"http:\/\/www.w3.org\/2000\/svg\" fill=\"none\"><path d=\"M6.5 13.167H11.5M1.5 11.167V9.108C1.5 8.151 1.5 7.672 1.623 7.232C1.733 6.841 1.912 6.474 2.153 6.148C2.426 5.78 2.803 5.486 3.559 4.899L5.726 3.213C6.897 2.302 7.482 1.847 8.129 1.672C8.699 1.518 9.301 1.518 9.871 1.672C10.518 1.847 11.103 2.302 12.274 3.213L14.441 4.899C15.197 5.486 15.574 5.78 15.847 6.148C16.088 6.474 16.267 6.841 16.377 7.232C16.5 7.672 16.5 8.151 16.5 9.108V11.167C16.5 13.033 16.5 13.967 16.137 14.68C15.817 15.307 15.307 15.817 14.68 16.137C13.967 16.5 13.033 16.5 11.167 16.5H6.833C4.966 16.5 4.033 16.5 3.32 16.137C2.693 15.817 2.183 15.307 1.863 14.68C1.5 13.967 1.5 13.033 1.5 11.167Z\" stroke=\"white\" stroke-width=\"1.4\" stroke-linecap=\"round\" stroke-linejoin=\"round\"\/><\/svg><\/a><\/li><\/ul>                    <\/div>\n                <\/div>\n            <\/div>\n        <\/section>\n        \t\t\t\t<\/div>\n\t\t\t\t<\/div>\n\t\t\t\t<\/div>\n\t\t<div class=\"elementor-element elementor-element-a373c0c e-con-full e-flex e-con e-parent\" data-id=\"a373c0c\" data-element_type=\"container\" data-e-type=\"container\">\n\t\t\t\t<div class=\"elementor-element elementor-element-70cb26c elementor-widget elementor-widget-kurumsal-kvkk\" data-id=\"70cb26c\" data-element_type=\"widget\" data-e-type=\"widget\" data-widget_type=\"kurumsal-kvkk.default\">\n\t\t\t\t<div class=\"elementor-widget-container\">\n\t\t\t\t\t\n        <section class=\"kurumsal\">\n            <div class=\"container\">\n                <div class=\"row\">\n                    <div class=\"col-12 col-md-3\">\n                        <ul>\n                            <h2>Als Istanbuler Chirurgisches Krankenhaus<\/h2>\n                                                            <li>\n                                                                            <a href=\"https:\/\/istanbulcerrahi.com\/de\/institutionell\/\">\n                                            Institutionell                                        <\/a>\n                                                                    <\/li>\n                                                            <li>\n                                                                            <a href=\"https:\/\/istanbulcerrahi.com\/de\/institutionell\/vision-und-mission\/\">\n                                            Vision und Mission                                        <\/a>\n                                                                    <\/li>\n                                                            <li>\n                                                                            <a href=\"https:\/\/istanbulcerrahi.com\/de\/institutionell\/gesetz-zum-schutz-personenbezogener-daten-kvkk\/\">\n                                            Gesetz zum Schutz personenbezogener Daten (KVKK)                                        <\/a>\n                                                                    <\/li>\n                                                            <li>\n                                                                            <a href=\"https:\/\/istanbulcerrahi.com\/de\/institutionell\/qualitaetsmanagementeinheit\/\">\n                                            Qualit\u00e4tsmanagementeinheit                                        <\/a>\n                                                                    <\/li>\n                                                            <li>\n                                                                            <a href=\"https:\/\/istanbulcerrahi.com\/de\/institutionell\/cookie-richtlinie\/\">\n                                            Cookie-Richtlinie                                        <\/a>\n                                                                    <\/li>\n                                                    <\/ul>\n                    <\/div>\n                    <div class=\"col-12 col-md-9\">\n                        <div class=\"kurumsal-main\">\n                            <h2>Was Ist Ein Cookie?<\/h2>\nCookies sind kleine Textdateien, die verwendet werden, um das Surferlebnis im Internet zu verbessern, zu beschleunigen und sicherer zu machen. Wenn Sie eine Website besuchen, werden diese Dateien \u00fcber Ihren Browser auf Ihrem Ger\u00e4t gespeichert und erm\u00f6glichen es der Website, Sie wiederzuerkennen und Ihnen bei einem erneuten Besuch personalisierte Inhalte anzubieten. Cookies k\u00f6nnen au\u00dferdem Funktionen wie das Speichern von Benutzerpr\u00e4ferenzen, das Aufrechterhalten von Sitzungen, das Sammeln statistischer Daten und die Ausspielung zielgerichteter Werbung erf\u00fcllen.\n<h2>Warum Werden Cookies Verwendet?<\/h2>\nCookies sind kleine Textdateien, die \u00fcber Internetbrowser auf Ihrem Computer oder mobilen Ger\u00e4t gespeichert werden. Sie sind wichtige Werkzeuge, die es Websites und Anwendungen erm\u00f6glichen, mit Ihnen zu interagieren und verschiedene Zwecke zu erf\u00fcllen.\n\nHier sind die wichtigsten Gr\u00fcnde f\u00fcr die Verwendung von Cookies:\n<ul>\n \t<li><strong>Verbesserung der Benutzererfahrung:<\/strong> Cookies erm\u00f6glichen es Websites, sich an die Pr\u00e4ferenzen ihrer Besucher zu erinnern und auf Basis fr\u00fcherer Interaktionen ein personalisiertes Erlebnis anzubieten. Beispielsweise kann sich eine Website Ihre bevorzugte Sprache oder Ihr Design merken, wenn Sie sich anmelden.<\/li>\n \t<li><strong>Sitzungsverwaltung:<\/strong> Cookies helfen dabei, Ihre Sitzung w\u00e4hrend der Nutzung einer Website aufrechtzuerhalten. Dadurch m\u00fcssen Sie sich nicht auf jeder Seite erneut anmelden.<\/li>\n \t<li><strong>Sammlung Analytischer Daten:<\/strong> Websites k\u00f6nnen \u00fcber Cookies Informationen \u00fcber das Verhalten der Besucher sammeln. Diese Daten helfen Websitebetreibern zu verstehen, welche Seiten beliebt sind, welche demografischen Merkmale Besucher haben und wie Nutzer mit der Website interagieren.<\/li>\n \t<li><strong>Zielgerichtete Werbung:<\/strong> Cookies erm\u00f6glichen die Anzeige zielgerichteter Werbung auf Grundlage des Onlineverhaltens der Nutzer. Dadurch k\u00f6nnen Nutzer Werbung sehen, die besser zu ihren Interessen passt.<\/li>\n \t<li><strong>Sicherheit:<\/strong> Cookies k\u00f6nnen eingesetzt werden, um die Sicherheit einer Website zu erh\u00f6hen. Sie tragen beispielsweise dazu bei, Nutzer zu identifizieren und Autorisierungsinformationen zu speichern.<\/li>\n \t<li><strong>Drittanbieter-Dienste:<\/strong> Websites k\u00f6nnen Cookies von Drittanbietern verwenden, um verschiedene Dienste zu integrieren oder Inhalte zu teilen. In diesem Fall gelten die Datenschutzrichtlinien des jeweiligen Drittanbieters.<\/li>\n<\/ul>\nZum Schutz der Privatsph\u00e4re informieren Websites in der Regel transparent \u00fcber die Verwendung von Cookies und bieten Nutzern die M\u00f6glichkeit, Cookies zu akzeptieren oder abzulehnen. Nutzer k\u00f6nnen Cookies auch \u00fcber ihre Browsereinstellungen kontrollieren und verwalten.                        <\/div>\n                    <\/div>\n                <\/div>\n            <\/div>\n        <\/section>\n        \t\t\t\t<\/div>\n\t\t\t\t<\/div>\n\t\t\t\t<\/div>\n\t\t\t\t<\/div>\n\t\t","protected":false},"excerpt":{"rendered":"<p>Cookie-Richtlinie \u0130stanbul Cerrahi Hastanesi olarak Institutionell Vision und Mission Gesetz zum Schutz personenbezogener Daten (KVKK) Qualit\u00e4tsmanagementeinheit Cookie-Richtlinie Was Ist Ein Cookie? Cookies sind kleine Textdateien, die verwendet werden, um das Surferlebnis im Internet zu verbessern, zu beschleunigen und sicherer zu machen. Wenn Sie eine Website besuchen, werden diese Dateien \u00fcber Ihren Browser auf Ihrem Ger\u00e4t [&hellip;]<\/p>\n","protected":false},"author":1,"featured_media":0,"parent":6556,"menu_order":0,"comment_status":"closed","ping_status":"closed","template":"","meta":{"_crdt_document":"","footnotes":""},"class_list":["post-6622","page","type-page","status-publish","hentry"],"_links":{"self":[{"href":"https:\/\/istanbulcerrahi.com\/de\/wp-json\/wp\/v2\/pages\/6622","targetHints":{"allow":["GET"]}}],"collection":[{"href":"https:\/\/istanbulcerrahi.com\/de\/wp-json\/wp\/v2\/pages"}],"about":[{"href":"https:\/\/istanbulcerrahi.com\/de\/wp-json\/wp\/v2\/types\/page"}],"author":[{"embeddable":true,"href":"https:\/\/istanbulcerrahi.com\/de\/wp-json\/wp\/v2\/users\/1"}],"replies":[{"embeddable":true,"href":"https:\/\/istanbulcerrahi.com\/de\/wp-json\/wp\/v2\/comments?post=6622"}],"version-history":[{"count":10,"href":"https:\/\/istanbulcerrahi.com\/de\/wp-json\/wp\/v2\/pages\/6622\/revisions"}],"predecessor-version":[{"id":6949,"href":"https:\/\/istanbulcerrahi.com\/de\/wp-json\/wp\/v2\/pages\/6622\/revisions\/6949"}],"up":[{"embeddable":true,"href":"https:\/\/istanbulcerrahi.com\/de\/wp-json\/wp\/v2\/pages\/6556"}],"wp:attachment":[{"href":"https:\/\/istanbulcerrahi.com\/de\/wp-json\/wp\/v2\/media?parent=6622"}],"curies":[{"name":"wp","href":"https:\/\/api.w.org\/{rel}","templated":true}]}}