{"id":6617,"date":"2023-11-22T12:01:14","date_gmt":"2023-11-22T09:01:14","guid":{"rendered":"https:\/\/istanbulcerrahi.com\/kurumsal\/kalite-yonetim-birimi\/"},"modified":"2026-03-13T16:16:35","modified_gmt":"2026-03-13T13:16:35","slug":"qualitaetsmanagementeinheit","status":"publish","type":"page","link":"https:\/\/istanbulcerrahi.com\/de\/institutionell\/qualitaetsmanagementeinheit\/","title":{"rendered":"Qualit\u00e4tsmanagementeinheit"},"content":{"rendered":"\t\t<div data-elementor-type=\"wp-page\" data-elementor-id=\"6617\" class=\"elementor elementor-6617 elementor-543\">\n\t\t\t\t<div class=\"elementor-element elementor-element-575435d e-con-full e-flex e-con e-parent\" data-id=\"575435d\" data-element_type=\"container\" data-e-type=\"container\">\n\t\t\t\t<div class=\"elementor-element elementor-element-574f04a elementor-widget elementor-widget-sub-main\" data-id=\"574f04a\" data-element_type=\"widget\" data-e-type=\"widget\" data-widget_type=\"sub-main.default\">\n\t\t\t\t<div class=\"elementor-widget-container\">\n\t\t\t\t\t\n        <section class=\"sub-main\">\n            <div class=\"container h-100\">\n                <div class=\"row align-items-end h-100\">\n                    <div class=\"col-12\">\n                        <h1>\n                            Qualit\u00e4tsmanagementeinheit                        <\/h1>\n                        <ul id=\"breadcrumbs\" class=\"breadcrumbs\"><li class=\"item-home\"><a class=\"bread-link bread-home\" href=\"https:\/\/istanbulcerrahi.com\/de\/\" title=\"\u0130stanbul Cerrahi Hastanesi\"><svg width=\"18\" height=\"18\" xmlns=\"http:\/\/www.w3.org\/2000\/svg\" fill=\"none\"><path d=\"M6.5 13.167H11.5M1.5 11.167V9.108C1.5 8.151 1.5 7.672 1.623 7.232C1.733 6.841 1.912 6.474 2.153 6.148C2.426 5.78 2.803 5.486 3.559 4.899L5.726 3.213C6.897 2.302 7.482 1.847 8.129 1.672C8.699 1.518 9.301 1.518 9.871 1.672C10.518 1.847 11.103 2.302 12.274 3.213L14.441 4.899C15.197 5.486 15.574 5.78 15.847 6.148C16.088 6.474 16.267 6.841 16.377 7.232C16.5 7.672 16.5 8.151 16.5 9.108V11.167C16.5 13.033 16.5 13.967 16.137 14.68C15.817 15.307 15.307 15.817 14.68 16.137C13.967 16.5 13.033 16.5 11.167 16.5H6.833C4.966 16.5 4.033 16.5 3.32 16.137C2.693 15.817 2.183 15.307 1.863 14.68C1.5 13.967 1.5 13.033 1.5 11.167Z\" stroke=\"white\" stroke-width=\"1.4\" stroke-linecap=\"round\" stroke-linejoin=\"round\"\/><\/svg><\/a><\/li><\/ul>                    <\/div>\n                <\/div>\n            <\/div>\n        <\/section>\n        \t\t\t\t<\/div>\n\t\t\t\t<\/div>\n\t\t\t\t<\/div>\n\t\t<div class=\"elementor-element elementor-element-d0df01c e-con-full e-flex e-con e-parent\" data-id=\"d0df01c\" data-element_type=\"container\" data-e-type=\"container\">\n\t\t\t\t<div class=\"elementor-element elementor-element-61aa570 elementor-widget elementor-widget-kurumsal-kvkk\" data-id=\"61aa570\" data-element_type=\"widget\" data-e-type=\"widget\" data-widget_type=\"kurumsal-kvkk.default\">\n\t\t\t\t<div class=\"elementor-widget-container\">\n\t\t\t\t\t\n        <section class=\"kurumsal\">\n            <div class=\"container\">\n                <div class=\"row\">\n                    <div class=\"col-12 col-md-3\">\n                        <ul>\n                            <h2>Als Istanbuler Chirurgisches Krankenhaus<\/h2>\n                                                            <li>\n                                                                            <a href=\"https:\/\/istanbulcerrahi.com\/de\/institutionell\/\">\n                                            Institutionell                                        <\/a>\n                                                                    <\/li>\n                                                            <li>\n                                                                            <a href=\"https:\/\/istanbulcerrahi.com\/de\/institutionell\/vision-und-mission\/\">\n                                            Vision und Mission                                        <\/a>\n                                                                    <\/li>\n                                                            <li>\n                                                                            <a href=\"https:\/\/istanbulcerrahi.com\/de\/institutionell\/gesetz-zum-schutz-personenbezogener-daten-kvkk\/\">\n                                            Gesetz zum Schutz personenbezogener Daten (KVKK)                                        <\/a>\n                                                                    <\/li>\n                                                            <li>\n                                                                            <a href=\"https:\/\/istanbulcerrahi.com\/de\/institutionell\/qualitaetsmanagementeinheit\/\">\n                                            Qualit\u00e4tsmanagementeinheit                                        <\/a>\n                                                                    <\/li>\n                                                            <li>\n                                                                            <a href=\"https:\/\/istanbulcerrahi.com\/de\/institutionell\/cookie-richtlinie\/\">\n                                            Cookie-Richtlinie                                        <\/a>\n                                                                    <\/li>\n                                                    <\/ul>\n                    <\/div>\n                    <div class=\"col-12 col-md-9\">\n                        <div class=\"kurumsal-main\">\n                            <p>\u00a0<\/p><h3>QUALIT\u00c4TSPOLITIK<\/h3><ul><li>Die neuesten medizinischen Erkenntnisse und Technologien nutzen<\/li><li>Das Prinzip der kontinuierlichen Qualit\u00e4tsverbesserung \u00fcbernehmen<\/li><li>Das Wissen und die F\u00e4higkeiten unserer Mitarbeiter steigern und weiterentwickeln<\/li><li>Im Einklang mit Berufsethik, Gesetzen und Vorschriften arbeiten<\/li><li>Die Zufriedenheit von Patienten, Angeh\u00f6rigen und Mitarbeitern an erste Stelle setzen.<\/li><\/ul><h3>ABTEILUNGSVERANTWORTLICHE<\/h3><p><strong>Generaldirektor:<\/strong><\/p><p>\u0130smail Ercins<\/p><p><strong>Direktorin Qualit\u00e4tsmanagement : <\/strong><\/p><p>Hayriye \u00d6zdemir<\/p>                        <\/div>\n                    <\/div>\n                <\/div>\n            <\/div>\n        <\/section>\n        \t\t\t\t<\/div>\n\t\t\t\t<\/div>\n\t\t\t\t<\/div>\n\t\t\t\t<\/div>\n\t\t","protected":false},"excerpt":{"rendered":"<p>Qualit\u00e4tsmanagementeinheit \u0130stanbul Cerrahi Hastanesi olarak Institutionell Vision und Mission Gesetz zum Schutz personenbezogener Daten (KVKK) Qualit\u00e4tsmanagementeinheit Cookie-Richtlinie \u00a0 QUALIT\u00c4TSPOLITIK Die neuesten medizinischen Erkenntnisse und Technologien nutzen Das Prinzip der kontinuierlichen Qualit\u00e4tsverbesserung \u00fcbernehmen Das Wissen und die F\u00e4higkeiten unserer Mitarbeiter steigern und weiterentwickeln Im Einklang mit Berufsethik, Gesetzen und Vorschriften arbeiten Die Zufriedenheit von Patienten, Angeh\u00f6rigen [&hellip;]<\/p>\n","protected":false},"author":1,"featured_media":0,"parent":6556,"menu_order":0,"comment_status":"closed","ping_status":"closed","template":"","meta":{"_crdt_document":"","footnotes":""},"class_list":["post-6617","page","type-page","status-publish","hentry"],"_links":{"self":[{"href":"https:\/\/istanbulcerrahi.com\/de\/wp-json\/wp\/v2\/pages\/6617","targetHints":{"allow":["GET"]}}],"collection":[{"href":"https:\/\/istanbulcerrahi.com\/de\/wp-json\/wp\/v2\/pages"}],"about":[{"href":"https:\/\/istanbulcerrahi.com\/de\/wp-json\/wp\/v2\/types\/page"}],"author":[{"embeddable":true,"href":"https:\/\/istanbulcerrahi.com\/de\/wp-json\/wp\/v2\/users\/1"}],"replies":[{"embeddable":true,"href":"https:\/\/istanbulcerrahi.com\/de\/wp-json\/wp\/v2\/comments?post=6617"}],"version-history":[{"count":6,"href":"https:\/\/istanbulcerrahi.com\/de\/wp-json\/wp\/v2\/pages\/6617\/revisions"}],"predecessor-version":[{"id":6942,"href":"https:\/\/istanbulcerrahi.com\/de\/wp-json\/wp\/v2\/pages\/6617\/revisions\/6942"}],"up":[{"embeddable":true,"href":"https:\/\/istanbulcerrahi.com\/de\/wp-json\/wp\/v2\/pages\/6556"}],"wp:attachment":[{"href":"https:\/\/istanbulcerrahi.com\/de\/wp-json\/wp\/v2\/media?parent=6617"}],"curies":[{"name":"wp","href":"https:\/\/api.w.org\/{rel}","templated":true}]}}