{"id":6556,"date":"2023-11-07T15:20:00","date_gmt":"2023-11-07T12:20:00","guid":{"rendered":"https:\/\/istanbulcerrahi.com\/kurumsal\/"},"modified":"2026-03-13T14:26:09","modified_gmt":"2026-03-13T11:26:09","slug":"institutionell","status":"publish","type":"page","link":"https:\/\/istanbulcerrahi.com\/de\/institutionell\/","title":{"rendered":"Institutionell"},"content":{"rendered":"\t\t<div data-elementor-type=\"wp-page\" data-elementor-id=\"6556\" class=\"elementor elementor-6556 elementor-24\">\n\t\t\t\t<div class=\"elementor-element elementor-element-7f0a719 e-con-full e-flex e-con e-parent\" data-id=\"7f0a719\" data-element_type=\"container\" data-e-type=\"container\">\n\t\t\t\t<div class=\"elementor-element elementor-element-2b7f313 elementor-widget elementor-widget-sub-main\" data-id=\"2b7f313\" data-element_type=\"widget\" data-e-type=\"widget\" data-widget_type=\"sub-main.default\">\n\t\t\t\t<div class=\"elementor-widget-container\">\n\t\t\t\t\t\n        <section class=\"sub-main\">\n            <div class=\"container h-100\">\n                <div class=\"row align-items-end h-100\">\n                    <div class=\"col-12\">\n                        <h1>\n                            Institutionell                        <\/h1>\n                        <ul id=\"breadcrumbs\" class=\"breadcrumbs\"><li class=\"item-home\"><a class=\"bread-link bread-home\" href=\"https:\/\/istanbulcerrahi.com\/de\/\" title=\"\u0130stanbul Cerrahi Hastanesi\"><svg width=\"18\" height=\"18\" xmlns=\"http:\/\/www.w3.org\/2000\/svg\" fill=\"none\"><path d=\"M6.5 13.167H11.5M1.5 11.167V9.108C1.5 8.151 1.5 7.672 1.623 7.232C1.733 6.841 1.912 6.474 2.153 6.148C2.426 5.78 2.803 5.486 3.559 4.899L5.726 3.213C6.897 2.302 7.482 1.847 8.129 1.672C8.699 1.518 9.301 1.518 9.871 1.672C10.518 1.847 11.103 2.302 12.274 3.213L14.441 4.899C15.197 5.486 15.574 5.78 15.847 6.148C16.088 6.474 16.267 6.841 16.377 7.232C16.5 7.672 16.5 8.151 16.5 9.108V11.167C16.5 13.033 16.5 13.967 16.137 14.68C15.817 15.307 15.307 15.817 14.68 16.137C13.967 16.5 13.033 16.5 11.167 16.5H6.833C4.966 16.5 4.033 16.5 3.32 16.137C2.693 15.817 2.183 15.307 1.863 14.68C1.5 13.967 1.5 13.033 1.5 11.167Z\" stroke=\"white\" stroke-width=\"1.4\" stroke-linecap=\"round\" stroke-linejoin=\"round\"\/><\/svg><\/a><\/li><\/ul>                    <\/div>\n                <\/div>\n            <\/div>\n        <\/section>\n        \t\t\t\t<\/div>\n\t\t\t\t<\/div>\n\t\t\t\t<\/div>\n\t\t<div class=\"elementor-element elementor-element-500a3ef e-con-full e-flex e-con e-parent\" data-id=\"500a3ef\" data-element_type=\"container\" data-e-type=\"container\">\n\t\t\t\t<div class=\"elementor-element elementor-element-ee7506d elementor-widget elementor-widget-kurumsal-main\" data-id=\"ee7506d\" data-element_type=\"widget\" data-e-type=\"widget\" data-widget_type=\"kurumsal-main.default\">\n\t\t\t\t<div class=\"elementor-widget-container\">\n\t\t\t\t\t\n        <section class=\"kurumsal\">\n            <div class=\"container\">\n                <div class=\"row\">\n                    <div class=\"col-12 col-md-3\">\n                        <ul>\n                            <h2>Als Istanbuler Chirurgisches Krankenhaus<\/h2>\n                                                            <li>\n                                                                            <a href=\"https:\/\/istanbulcerrahi.com\/de\/institutionell\/\" \n                                           >\n                                            \u00dcber uns                                        <\/a>\n                                                                    <\/li>\n                                                            <li>\n                                                                            <a href=\"https:\/\/istanbulcerrahi.com\/de\/institutionell\/vision-und-mission\/\" \n                                           >\n                                            Vision und Mission                                        <\/a>\n                                                                    <\/li>\n                                                            <li>\n                                                                            <a href=\"https:\/\/istanbulcerrahi.com\/de\/institutionell\/gesetz-zum-schutz-personenbezogener-daten-kvkk\/\" \n                                           >\n                                            Gesetz zum Schutz personenbezogener Daten (KVKK)                                        <\/a>\n                                                                    <\/li>\n                                                            <li>\n                                                                            <a href=\"https:\/\/istanbulcerrahi.com\/de\/institutionell\/qualitaetsmanagementeinheit\/\" \n                                           >\n                                            Qualit\u00e4tsmanagementeinheit                                        <\/a>\n                                                                    <\/li>\n                                                            <li>\n                                                                            <a href=\"https:\/\/istanbulcerrahi.com\/de\/institutionell\/cookie-richtlinie\/\" \n                                           >\n                                            Cookie-Richtlinie                                        <\/a>\n                                                                    <\/li>\n                                                    <\/ul>\n                    <\/div>\n                    <div class=\"col-12 col-md-9\">\n                        <div class=\"kurumsal-main\">\n                            <img decoding=\"async\" src=\"https:\/\/istanbulcerrahi.com\/wp-content\/uploads\/2025\/11\/Adsiz-tasarim-2025-11-04T170824.276.png\" alt=\"Hastane g\u00f6rsel\" title=\"\">\n                            \n                            <p>1998 wurde das Istanbul Cerrahi Krankenhaus mit dem Grundsatz \u201eWertsch\u00e4tzung f\u00fcr die menschliche Gesundheit\u201c gegr\u00fcndet und ist seit seiner Gr\u00fcndung mit seinem patientenorientierten Ansatz, seinem fachkundigen medizinischen Team und seiner starken technologischen Infrastruktur zu einer der vertrauensw\u00fcrdigen Adressen im Gesundheitswesen geworden.<\/p><p>Heute tritt unser Krankenhaus mit seinem neuen Managementverst\u00e4ndnis, seiner erneuerten Vision und seinem weiterentwickelten Ansatz f\u00fcr die Patientenerfahrung in eine neue Phase der Gesundheitsversorgung ein. Im Rahmen des durchgef\u00fchrten institutionellen Transformationsprozesses wurden sowohl unsere Serviceinfrastruktur als auch unsere auf Patientenzufriedenheit ausgerichteten Abl\u00e4ufe entsprechend moderner Gesundheitsstandards neu strukturiert.<\/p><p>Das Istanbul Cerrahi Krankenhaus verfolgt mit seiner zentralen Lage in der Stadt ein exklusives und hochwertiges Gesundheitsdienstleistungsverst\u00e4ndnis, bei dem jedem Patienten individuelle Aufmerksamkeit geschenkt wird. Unser spezialisiertes Team, das wissenschaftliche Entwicklungen und Innovationen in der Medizin genau verfolgt, setzt moderne Behandlungsmethoden bestm\u00f6glich f\u00fcr die Gesundheit unserer Patienten ein.<\/p><p><strong>Unser Krankenhaus zeichnet sich insbesondere in den Bereichen Adipositas- und metabolische Chirurgie, Allgemeinchirurgie, Plastische und \u00c4sthetische Chirurgie, Neurochirurgie sowie Urologie durch sein erfahrenes \u00c4rzteteam und seine fortschrittliche technologische Infrastruktur aus.<\/strong><\/p><p>Das Istanbul Cerrahi Krankenhaus \u00fcbertr\u00e4gt seine nationalen Erfolge auch auf die internationale Ebene und betreut im Rahmen des Gesundheitstourismus Patienten aus vielen L\u00e4ndern der Welt. Unser Krankenhaus arbeitet mit einem 7\/24-VIP-Patientenservice und bietet internationalen Patienten durch spezialisierte Berater, die Unterst\u00fctzung in ihrer eigenen Sprache leisten, eine sichere und komfortable Gesundheitsversorgung.<\/p><p>Mit seiner erneuerten Infrastruktur, modernen Patientenzimmern und einem starken medizinischen Team vereint das Istanbul Cerrahi Krankenhaus weiterhin Qualit\u00e4t und Vertrauen im Gesundheitswesen durch seine neue Vision und seinen weiterentwickelten Ansatz f\u00fcr die Patientenerfahrung.<\/p>\n                            <ul class=\"about-number\">\n                                                                    <li>\n                                        <img decoding=\"async\" src=\"https:\/\/istanbulcerrahi.com\/wp-content\/uploads\/2023\/11\/2.svg\" alt=\"icon\" title=\"\">\n                                        <div class=\"about-content\">\n                                            <span>600.000+<\/span>\n                                            <p>Medizinische Operation<\/p>\n                                        <\/div>\n                                    <\/li>\n                                                                    <li>\n                                        <img decoding=\"async\" src=\"https:\/\/istanbulcerrahi.com\/wp-content\/uploads\/2023\/11\/1.svg\" alt=\"icon\" title=\"\">\n                                        <div class=\"about-content\">\n                                            <span>26+<\/span>\n                                            <p>Jahrelange Erfahrung<\/p>\n                                        <\/div>\n                                    <\/li>\n                                                                    <li>\n                                        <img decoding=\"async\" src=\"https:\/\/istanbulcerrahi.com\/wp-content\/uploads\/2023\/11\/3.svg\" alt=\"icon\" title=\"\">\n                                        <div class=\"about-content\">\n                                            <span>450+<\/span>\n                                            <p>Gesundheitspersonal<\/p>\n                                        <\/div>\n                                    <\/li>\n                                                            <\/ul>\n                        <\/div>\n                    <\/div>\n                <\/div>\n            <\/div>\n        <\/section>\n\n        <section class=\"kurumsal-bottom\">\n            <div class=\"container-fluid\">\n                <div class=\"row\">\n                    <div class=\"col-12\">\n                        <div class=\"swiper kurumsal-slider\">\n                            <div class=\"swiper-wrapper\">\n                                                                    <div class=\"swiper-slide\">\n                                        <img decoding=\"async\" src=\"https:\/\/istanbulcerrahi.com\/wp-content\/uploads\/2025\/11\/WhatsApp-Image-2025-11-04-at-11.27.10-1.jpeg\" alt=\"istanbul cerrahi-1 \" title=\"\">\n                                    <\/div>\n                                                                    <div class=\"swiper-slide\">\n                                        <img decoding=\"async\" src=\"https:\/\/istanbulcerrahi.com\/wp-content\/uploads\/2025\/11\/WhatsApp-Image-2025-11-04-at-11.27.10-2.jpeg\" alt=\"istanbul cerrahi-2\" title=\"\">\n                                    <\/div>\n                                                                    <div class=\"swiper-slide\">\n                                        <img decoding=\"async\" src=\"https:\/\/istanbulcerrahi.com\/wp-content\/uploads\/2025\/11\/WhatsApp-Image-2025-11-04-at-11.27.09.jpeg\" alt=\"istanbul cerrahi-3\" title=\"\">\n                                    <\/div>\n                                                                    <div class=\"swiper-slide\">\n                                        <img decoding=\"async\" src=\"https:\/\/istanbulcerrahi.com\/wp-content\/uploads\/2025\/11\/WhatsApp-Image-2025-11-04-at-11.27.13-3.jpeg\" alt=\"istanbul cerrahi-4\" title=\"\">\n                                    <\/div>\n                                                                    <div class=\"swiper-slide\">\n                                        <img decoding=\"async\" src=\"https:\/\/istanbulcerrahi.com\/wp-content\/uploads\/2025\/11\/WhatsApp-Image-2025-11-04-at-11.27.16-3.jpeg\" alt=\"istanbul cerrahi-5\" title=\"\">\n                                    <\/div>\n                                                                    <div class=\"swiper-slide\">\n                                        <img decoding=\"async\" src=\"https:\/\/istanbulcerrahi.com\/wp-content\/uploads\/2025\/11\/WhatsApp-Image-2025-11-04-at-11.27.16-6.jpeg\" alt=\"istanbul cerrahi-6\" title=\"\">\n                                    <\/div>\n                                                            <\/div>\n                            <div class=\"kurumsal-slider-pagination\"><\/div>\n                        <\/div>\n                    <\/div>\n                <\/div>\n            <\/div>\n        <\/section>\n        \t\t\t\t<\/div>\n\t\t\t\t<\/div>\n\t\t\t\t<\/div>\n\t\t<div class=\"elementor-element elementor-element-33d941b e-flex e-con-boxed e-con e-parent\" data-id=\"33d941b\" data-element_type=\"container\" data-e-type=\"container\">\n\t\t\t\t\t<div class=\"e-con-inner\">\n\t\t<div class=\"elementor-element elementor-element-d00936e e-con-full e-flex e-con e-child\" data-id=\"d00936e\" data-element_type=\"container\" data-e-type=\"container\">\n\t\t\t\t<div class=\"elementor-element elementor-element-c726540 elementor-widget elementor-widget-image\" data-id=\"c726540\" data-element_type=\"widget\" data-e-type=\"widget\" data-widget_type=\"image.default\">\n\t\t\t\t<div class=\"elementor-widget-container\">\n\t\t\t\t\t\t\t\t\t\t\t\t\t\t\t<img fetchpriority=\"high\" decoding=\"async\" width=\"693\" height=\"477\" src=\"https:\/\/istanbulcerrahi.com\/wp-content\/uploads\/2026\/01\/1-1.jpeg\" class=\"attachment-large size-large wp-image-6567\" alt=\"\" srcset=\"https:\/\/istanbulcerrahi.com\/wp-content\/uploads\/2026\/01\/1-1.jpeg 693w, https:\/\/istanbulcerrahi.com\/wp-content\/uploads\/2026\/01\/1-1-300x206.jpeg 300w\" sizes=\"(max-width: 693px) 100vw, 693px\" title=\"\">\t\t\t\t\t\t\t\t\t\t\t\t\t\t\t<\/div>\n\t\t\t\t<\/div>\n\t\t\t\t<\/div>\n\t\t<div class=\"elementor-element elementor-element-c924b05 e-con-full e-flex e-con e-child\" data-id=\"c924b05\" data-element_type=\"container\" data-e-type=\"container\">\n\t\t\t\t<div class=\"elementor-element elementor-element-b0e7e4a elementor-widget elementor-widget-image\" data-id=\"b0e7e4a\" data-element_type=\"widget\" data-e-type=\"widget\" data-widget_type=\"image.default\">\n\t\t\t\t<div class=\"elementor-widget-container\">\n\t\t\t\t\t\t\t\t\t\t\t\t\t\t\t<img decoding=\"async\" width=\"1024\" height=\"674\" src=\"https:\/\/istanbulcerrahi.com\/wp-content\/uploads\/2026\/01\/1155_1-1024x674.jpg\" class=\"attachment-large size-large wp-image-6568\" alt=\"\" srcset=\"https:\/\/istanbulcerrahi.com\/wp-content\/uploads\/2026\/01\/1155_1-1024x674.jpg 1024w, https:\/\/istanbulcerrahi.com\/wp-content\/uploads\/2026\/01\/1155_1-300x198.jpg 300w, https:\/\/istanbulcerrahi.com\/wp-content\/uploads\/2026\/01\/1155_1-768x506.jpg 768w, https:\/\/istanbulcerrahi.com\/wp-content\/uploads\/2026\/01\/1155_1.jpg 1128w\" sizes=\"(max-width: 1024px) 100vw, 1024px\" title=\"\">\t\t\t\t\t\t\t\t\t\t\t\t\t\t\t<\/div>\n\t\t\t\t<\/div>\n\t\t\t\t<\/div>\n\t\t\t\t\t<\/div>\n\t\t\t\t<\/div>\n\t\t\t\t<\/div>\n\t\t","protected":false},"excerpt":{"rendered":"<p>Institutionell \u0130stanbul Cerrahi Hastanesi olarak \u00dcber uns Vision und Mission Gesetz zum Schutz personenbezogener Daten (KVKK) Qualit\u00e4tsmanagementeinheit Cookie-Richtlinie 1998 wurde das Istanbul Cerrahi Krankenhaus mit dem Grundsatz \u201eWertsch\u00e4tzung f\u00fcr die menschliche Gesundheit\u201c gegr\u00fcndet und ist seit seiner Gr\u00fcndung mit seinem patientenorientierten Ansatz, seinem fachkundigen medizinischen Team und seiner starken technologischen Infrastruktur zu einer der vertrauensw\u00fcrdigen [&hellip;]<\/p>\n","protected":false},"author":1,"featured_media":0,"parent":0,"menu_order":0,"comment_status":"closed","ping_status":"closed","template":"","meta":{"_crdt_document":"","footnotes":""},"class_list":["post-6556","page","type-page","status-publish","hentry"],"_links":{"self":[{"href":"https:\/\/istanbulcerrahi.com\/de\/wp-json\/wp\/v2\/pages\/6556","targetHints":{"allow":["GET"]}}],"collection":[{"href":"https:\/\/istanbulcerrahi.com\/de\/wp-json\/wp\/v2\/pages"}],"about":[{"href":"https:\/\/istanbulcerrahi.com\/de\/wp-json\/wp\/v2\/types\/page"}],"author":[{"embeddable":true,"href":"https:\/\/istanbulcerrahi.com\/de\/wp-json\/wp\/v2\/users\/1"}],"replies":[{"embeddable":true,"href":"https:\/\/istanbulcerrahi.com\/de\/wp-json\/wp\/v2\/comments?post=6556"}],"version-history":[{"count":13,"href":"https:\/\/istanbulcerrahi.com\/de\/wp-json\/wp\/v2\/pages\/6556\/revisions"}],"predecessor-version":[{"id":6928,"href":"https:\/\/istanbulcerrahi.com\/de\/wp-json\/wp\/v2\/pages\/6556\/revisions\/6928"}],"wp:attachment":[{"href":"https:\/\/istanbulcerrahi.com\/de\/wp-json\/wp\/v2\/media?parent=6556"}],"curies":[{"name":"wp","href":"https:\/\/api.w.org\/{rel}","templated":true}]}}